{"id":835,"date":"2018-08-29T22:48:00","date_gmt":"2018-08-30T01:48:00","guid":{"rendered":"https:\/\/etbblanca-bue.infd.edu.ar\/sitio\/constancias-y-planillas\/"},"modified":"2025-11-07T14:25:17","modified_gmt":"2025-11-07T17:25:17","slug":"constancias-y-planillas","status":"publish","type":"page","link":"https:\/\/etbblanca-bue.infd.edu.ar\/sitio\/constancias-y-planillas\/","title":{"rendered":"Constancias y planillas"},"content":{"rendered":"\n<ul>\n<li><a href=\"https:\/\/etbblanca-bue.infd.edu.ar\/sitio\/wp-content\/uploads\/2022\/11\/Formulario-solicitud-de-cambio-de-turno-ETBB.pdf\" target=\"_blank\" rel=\"noopener\">Formulario solicitud de cambio de turno<\/a><\/li>\n\n\n\n<li><a href=\"https:\/\/etbblanca-bue.infd.edu.ar\/sitio\/wp-content\/uploads\/2022\/11\/Constancia-alumno-regular-ETBB.pdf\" target=\"_blank\" rel=\"noopener\">Constancia alumno regular<\/a><\/li>\n\n\n\n<li><a href=\"https:\/\/etbblanca-bue.infd.edu.ar\/sitio\/wp-content\/uploads\/2022\/11\/Constancia-examen-alumnos-ETBB-1.pdf\" target=\"_blank\" rel=\"noopener\">Constancia examen alumnos<\/a><\/li>\n\n\n\n<li><a href=\"https:\/\/etbblanca-bue.infd.edu.ar\/sitio\/wp-content\/uploads\/2022\/11\/Constancia-de-observaciones-y-practicas-ETBB.pdf\" target=\"_blank\" rel=\"noopener\">Constancia de observaciones y pr\u00e1cticas<\/a><\/li>\n\n\n\n<li><a href=\"https:\/\/etbblanca-bue.infd.edu.ar\/sitio\/wp-content\/uploads\/2022\/11\/Parte-de-asistencia-Practica-Docente-ETBB.pdf\" target=\"_blank\" rel=\"noopener\">Parte de asistencia Practica Docente<\/a><\/li>\n\n\n\n<li><a rel=\"noopener\" href=\"https:\/\/etbblanca-bue.infd.edu.ar\/sitio\/wp-content\/uploads\/2022\/11\/Solicitud-de-titulo-ETBB.pdf\" target=\"_blank\">Solicitud de t\u00edtulo<\/a><\/li>\n\n\n\n<li><a href=\"#estudiante-itinerante\">Estudiante itinerante<\/a><\/li>\n<\/ul>\n\n\n\n<ul>\n<li><a href=\"https:\/\/etbblanca-bue.infd.edu.ar\/sitio\/wp-content\/uploads\/2023\/10\/Ficha-de-inscripcion-y-salud.pdf\" target=\"_blank\" rel=\"noreferrer noopener\">Ficha de inscripci\u00f3n a Ciclo Lectivo y Ficha de salud<\/a><\/li>\n\n\n\n<li><a rel=\"noopener\" href=\"https:\/\/etbblanca-bue.infd.edu.ar\/sitio\/wp-content\/uploads\/2022\/11\/Autorizacion.pdf\" target=\"_blank\">Autorizaci\u00f3n retiro de alumnos menores<\/a><\/li>\n\n\n\n<li><a href=\"https:\/\/etbblanca-bue.infd.edu.ar\/sitio\/wp-content\/uploads\/2025\/11\/Autorizacion-de-uso-de-Imagen-Estudiantes_DGCYE.pdf\" target=\"_blank\" rel=\"noreferrer noopener\">Autorizaci\u00f3n de uso de imagen<\/a><\/li>\n<\/ul>\n\n\n\n<p><\/p>\n\n\n\n<h5 class=\"wp-block-heading\" id=\"estudiante-itinerante\"><mark style=\"background-color:#fff868\" class=\"has-inline-color\">ESTUDIANTE ITINERANTE<\/mark><\/h5>\n\n\n\n<p>Es quien cursa como estudiante regular matriculado en la Escuela de Teatro y, al mismo tiempo, cursa una o m\u00e1s materias en otro Instituto Superior, de la jurisdicci\u00f3n, en la que no se encuentra matriculada o matriculado para acreditar una o m\u00e1s materias en un Profesorado o Tecnicatura.<\/p>\n\n\n\n<p>Se puede cursar como estudiante itinerante&nbsp;<strong>hasta el 30%<\/strong>&nbsp;<strong>de las materias de la carrera<\/strong>.&nbsp;<\/p>\n\n\n\n<p>Quedan&nbsp;<strong>exceptuados<\/strong>&nbsp;el Campo de la Pr\u00e1ctica Docente.&nbsp;<\/p>\n\n\n\n<p>Ser\u00e1 condici\u00f3n que la materia en la que solicita cursar corresponda al&nbsp;<strong>mismo plan de estudio<\/strong>&nbsp;o bien sea una materia con&nbsp;<strong>igual denominaci\u00f3n, carga horaria y contenidos m\u00ednimos<\/strong>&nbsp;prescriptos que en el dise\u00f1o de la carrera en la que se encuentra matriculada o matriculado la o el estudiante.<\/p>\n\n\n\n<p>Es&nbsp;<strong>obligaci\u00f3n<\/strong>&nbsp;del\/a estudiante itinerante cumplir con las condiciones institucionales y de la&nbsp; propuesta pedag\u00f3gica para la acreditaci\u00f3n de la materia del Instituto Superior en el que realiza la solicitud.<\/p>\n\n\n\n<p><strong>SOLICITUD<\/strong><\/p>\n\n\n\n<p>Se realizar\u00e1 en el periodo de inscripci\u00f3n a las materias, teniendo en cuenta las fechas dispuestas por el Instituto Superior en el que aspira cursar.<\/p>\n\n\n\n<ul>\n<li>Presentar ante la direcci\u00f3n del Instituto Superior donde aspira a cursar el&nbsp;<a href=\"https:\/\/drive.google.com\/file\/d\/1pfuODa8ESQvyzXNckqy5xz__nmJJGAyJ\/view?usp=sharing\" target=\"_blank\" rel=\"noreferrer noopener\">Formulario A de solicitud<\/a>, junto con el certificado anal\u00edtico parcial actualizado al momento de la solicitud.<\/li>\n\n\n\n<li>Notificar a la Direcci\u00f3n de la Escuela de Teatro la aceptaci\u00f3n como estudiante itinerante en otro Instituto Superior a trav\u00e9s de la entrega del&nbsp;<a href=\"https:\/\/drive.google.com\/file\/d\/1Avr0LTpFfG0nK4TyAWznqt0mneC06LrG\/view?usp=sharing\" target=\"_blank\" rel=\"noreferrer noopener\">Formulario B de notificaci\u00f3n<\/a>.<\/li>\n<\/ul>\n\n\n\n<p><strong>Al finalizar la cursada<\/strong>, cada estudiante deber\u00e1:&nbsp;<\/p>\n\n\n\n<ul>\n<li>Solicitar ante el Instituto Superior donde cursa como estudiante itinerante el&nbsp;<a rel=\"noreferrer noopener\" href=\"https:\/\/drive.google.com\/file\/d\/1v-SOBKDD8lpvZ_vvb1P4kKhL8zJtfWCB\/view?usp=sharing\" target=\"_blank\">Formulario D constancia de acreditaci\u00f3n<\/a>&nbsp;y presentarlo en la Escuela de Teatro.<\/li>\n<\/ul>\n","protected":false},"excerpt":{"rendered":"<p>ESTUDIANTE ITINERANTE Es quien cursa como estudiante regular matriculado en la Escuela de Teatro y, al mismo tiempo, cursa una o m\u00e1s materias en otro Instituto Superior, de la jurisdicci\u00f3n, en la que no se encuentra matriculada o matriculado para acreditar una o m\u00e1s materias en un Profesorado o Tecnicatura. Se puede cursar como estudiante &#8230; <a title=\"Constancias y planillas\" class=\"read-more\" href=\"https:\/\/etbblanca-bue.infd.edu.ar\/sitio\/constancias-y-planillas\/\" aria-label=\"More on Constancias y planillas\">[+]<\/a><\/p>\n","protected":false},"author":1570,"featured_media":0,"parent":0,"menu_order":0,"comment_status":"closed","ping_status":"closed","template":"","meta":[],"acf":[],"_links":{"self":[{"href":"https:\/\/etbblanca-bue.infd.edu.ar\/sitio\/wp-json\/wp\/v2\/pages\/835"}],"collection":[{"href":"https:\/\/etbblanca-bue.infd.edu.ar\/sitio\/wp-json\/wp\/v2\/pages"}],"about":[{"href":"https:\/\/etbblanca-bue.infd.edu.ar\/sitio\/wp-json\/wp\/v2\/types\/page"}],"author":[{"embeddable":true,"href":"https:\/\/etbblanca-bue.infd.edu.ar\/sitio\/wp-json\/wp\/v2\/users\/1570"}],"replies":[{"embeddable":true,"href":"https:\/\/etbblanca-bue.infd.edu.ar\/sitio\/wp-json\/wp\/v2\/comments?post=835"}],"version-history":[{"count":36,"href":"https:\/\/etbblanca-bue.infd.edu.ar\/sitio\/wp-json\/wp\/v2\/pages\/835\/revisions"}],"predecessor-version":[{"id":2624,"href":"https:\/\/etbblanca-bue.infd.edu.ar\/sitio\/wp-json\/wp\/v2\/pages\/835\/revisions\/2624"}],"wp:attachment":[{"href":"https:\/\/etbblanca-bue.infd.edu.ar\/sitio\/wp-json\/wp\/v2\/media?parent=835"}],"curies":[{"name":"wp","href":"https:\/\/api.w.org\/{rel}","templated":true}]}}