{"id":800,"date":"2018-08-29T22:47:48","date_gmt":"2018-08-30T01:47:48","guid":{"rendered":"https:\/\/etbblanca-bue.infd.edu.ar\/sitio\/tecnicatura-en-diseno-de-produccion-de-espectaculos\/"},"modified":"2022-11-07T16:05:38","modified_gmt":"2022-11-07T19:05:38","slug":"tecnicatura-en-diseno-de-produccion-de-espectaculos","status":"publish","type":"page","link":"https:\/\/etbblanca-bue.infd.edu.ar\/sitio\/tecnicatura-en-diseno-de-produccion-de-espectaculos\/","title":{"rendered":"Tecnicatura en dise\u00f1o de producci\u00f3n de espect\u00e1culos"},"content":{"rendered":"<p><span style=\"font-family: verdana, geneva; font-size: 12pt; color: #003366;\"><strong>Programa de Formaci\u00f3n de Grado T\u00e9cnico Profesional<\/strong><\/span><\/p>\n<p><span style=\"font-family: verdana, geneva; font-size: 10pt;\"><span style=\"color: #003366;\"><strong>T\u00edtulo: <\/strong><\/span><strong>Dise\u00f1ador en Producci\u00f3n de Espect\u00e1culos<\/strong><\/span><\/p>\n<p><span style=\"font-family: verdana, geneva; font-size: 10pt;\"><span style=\"color: #003366;\"><strong>Una carrera \u2013 Tres t\u00edtulos oficiales:<\/strong><\/span> Con el t\u00edtulo de Dise\u00f1ador en Producci\u00f3n de Espect\u00e1culos, se otorgan los t\u00edtulos oficiales de Escen\u00f3grafo y de Iluminador.<\/span><\/p>\n<p><span style=\"font-family: verdana, geneva; font-size: 10pt;\">El Productor de Espect\u00e1culos es el profesional que requieren todas las salas y espacios, todos los elencos y productoras, todas las obras teatrales y proyectos esc\u00e9nicos para concretarlos exitosamente y garantizar su sustentabilidad econ\u00f3mica y profesional.<\/span><\/p>\n<p><span style=\"color: #003366;\"><strong><span style=\"font-family: verdana, geneva; font-size: 10pt;\">Salida laboral de Dise\u00f1o de Espect\u00e1culos<\/span><\/strong><\/span><br \/>\n<span style=\"font-family: verdana, geneva; font-size: 10pt;\">La amplia formaci\u00f3n recibida en la carrera de Dise\u00f1o de Producci\u00f3n de Espect\u00e1culos genera un\u00a0<\/span><span style=\"font-family: verdana, geneva; font-size: 10pt;\">campo laboral amplio para los futuros profesionales. Desde la organizaci\u00f3n en forma aut\u00f3noma de<\/span><br \/>\n<span style=\"font-family: verdana, geneva; font-size: 10pt;\">espect\u00e1culos o la conformaci\u00f3n de una propia empresa de gesti\u00f3n, pasando por el desempe\u00f1o en\u00a0<\/span><span style=\"font-family: verdana, geneva; font-size: 10pt;\">el \u00e1mbito de centros culturales; en organismos gubernamentales dedicados a la cultura y el arte;\u00a0<\/span><span style=\"font-family: verdana, geneva; font-size: 10pt;\">en eventos culturales masivos; como parte del staff de productoras de espect\u00e1culos; siendo parte\u00a0<\/span><span style=\"font-family: verdana, geneva; font-size: 10pt;\">del staff permanente de compa\u00f1\u00edas teatrales, grupos musicales o artistas de todos los estilos; etc.<\/span><\/p>\n<p><span style=\"color: #003366;\"><strong><span style=\"font-family: verdana, geneva; font-size: 10pt;\">El Dise\u00f1ador de Espect\u00e1culos<\/span><\/strong><\/span><br \/>\n<span style=\"font-family: verdana, geneva; font-size: 10pt;\">El Dise\u00f1o de Espect\u00e1culos se encarga de la gesti\u00f3n integral de un espect\u00e1culo art\u00edstico. El\u00a0<\/span><span style=\"font-family: verdana, geneva; font-size: 10pt;\">Dise\u00f1ador en Producci\u00f3n de Espect\u00e1culos tiene a su cargo todos y cada uno de los detalles del<\/span><br \/>\n<span style=\"font-family: verdana, geneva; font-size: 10pt;\">espect\u00e1culo, por lo cual deber\u00e1 coordinar en mayor o menor medida, los siguientes aspectos:\u00a0<\/span><span style=\"font-family: verdana, geneva; font-size: 10pt;\">concepci\u00f3n de la idea; dise\u00f1o del espect\u00e1culo; vestuario; iluminaci\u00f3n; maquillaje; log\u00edstica del\u00a0<\/span><span style=\"font-family: verdana, geneva; font-size: 10pt;\">show (teatro, estadio, centro cultural, proveedores, etc.); escenograf\u00eda; contrataci\u00f3n del personal<\/span><br \/>\n<span style=\"font-family: verdana, geneva; font-size: 10pt;\">t\u00e9cnico; administraci\u00f3n; finanzas; publicidad del evento; marketing; aspectos legales; etc. Por\u00a0<\/span><span style=\"font-family: verdana, geneva; font-size: 10pt;\">supuesto que si bien se lo capacita para la gesti\u00f3n integral del evento, podr\u00e1 desempe\u00f1arse\u00a0<\/span><span style=\"font-family: verdana, geneva; font-size: 10pt;\">tambi\u00e9n en la coordinaci\u00f3n de uno de los aspectos en forma individual.<\/span><\/p>\n","protected":false},"excerpt":{"rendered":"<p>Programa de Formaci\u00f3n de Grado T\u00e9cnico Profesional T\u00edtulo: Dise\u00f1ador en Producci\u00f3n de Espect\u00e1culos Una carrera \u2013 Tres t\u00edtulos oficiales: Con el t\u00edtulo de Dise\u00f1ador en Producci\u00f3n de Espect\u00e1culos, se otorgan los t\u00edtulos oficiales de Escen\u00f3grafo y de Iluminador. El Productor de Espect\u00e1culos es el profesional que requieren todas las salas y espacios, todos los elencos &#8230; <a title=\"Tecnicatura en dise\u00f1o de producci\u00f3n de espect\u00e1culos\" class=\"read-more\" href=\"https:\/\/etbblanca-bue.infd.edu.ar\/sitio\/tecnicatura-en-diseno-de-produccion-de-espectaculos\/\" aria-label=\"More on Tecnicatura en dise\u00f1o de producci\u00f3n de espect\u00e1culos\">[+]<\/a><\/p>\n","protected":false},"author":148,"featured_media":0,"parent":0,"menu_order":0,"comment_status":"closed","ping_status":"closed","template":"","meta":[],"acf":[],"_links":{"self":[{"href":"https:\/\/etbblanca-bue.infd.edu.ar\/sitio\/wp-json\/wp\/v2\/pages\/800"}],"collection":[{"href":"https:\/\/etbblanca-bue.infd.edu.ar\/sitio\/wp-json\/wp\/v2\/pages"}],"about":[{"href":"https:\/\/etbblanca-bue.infd.edu.ar\/sitio\/wp-json\/wp\/v2\/types\/page"}],"author":[{"embeddable":true,"href":"https:\/\/etbblanca-bue.infd.edu.ar\/sitio\/wp-json\/wp\/v2\/users\/148"}],"replies":[{"embeddable":true,"href":"https:\/\/etbblanca-bue.infd.edu.ar\/sitio\/wp-json\/wp\/v2\/comments?post=800"}],"version-history":[{"count":1,"href":"https:\/\/etbblanca-bue.infd.edu.ar\/sitio\/wp-json\/wp\/v2\/pages\/800\/revisions"}],"predecessor-version":[{"id":1640,"href":"https:\/\/etbblanca-bue.infd.edu.ar\/sitio\/wp-json\/wp\/v2\/pages\/800\/revisions\/1640"}],"wp:attachment":[{"href":"https:\/\/etbblanca-bue.infd.edu.ar\/sitio\/wp-json\/wp\/v2\/media?parent=800"}],"curies":[{"name":"wp","href":"https:\/\/api.w.org\/{rel}","templated":true}]}}