{"id":792,"date":"2018-08-29T22:47:46","date_gmt":"2018-08-30T01:47:46","guid":{"rendered":"https:\/\/etbblanca-bue.infd.edu.ar\/sitio\/publicaciones\/"},"modified":"2023-03-28T16:44:42","modified_gmt":"2023-03-28T19:44:42","slug":"publicaciones","status":"publish","type":"page","link":"https:\/\/etbblanca-bue.infd.edu.ar\/sitio\/publicaciones\/","title":{"rendered":"Publicaciones"},"content":{"rendered":"<p><strong><span style=\"font-size: 12pt;\"><span style=\"font-family: verdana,geneva;\"><span style=\"color: #333399;\">Publicaciones Institucionales\u00a0<\/span><\/span><\/span><\/strong><\/p>\n<p><span style=\"color: #000000;\"><strong><span style=\"font-size: 12pt;\"><span style=\"font-family: verdana,geneva;\">DRAO: La revista de la Escuela de Teatro<\/span><\/span><\/strong><\/span><\/p>\n<p><strong><span style=\"font-size: 12pt;\"><span style=\"font-family: verdana,geneva;\"><span style=\"color: #000000;\">Teatro Breve<\/span><\/span><\/span><\/strong><\/p>\n<p><strong><span style=\"font-size: 12pt;\"><span style=\"font-family: verdana,geneva;\"><span style=\"color: #000000;\"><img decoding=\"async\" title=\"Teatro Breve\" src=\"https:\/\/etbblanca-bue.infd.edu.ar\/sitio\/wp-content\/uploads\/2018\/08\/Teatro_Breve.jpg\" alt=\"Teatro Breve\" border=\"0\" \/><\/span><\/span><\/span><\/strong><\/p>\n<p style=\"text-align: justify;\"><span style=\"font-size: 10pt;\"><span style=\"color: #000000;\"><strong>Monica<\/strong> &#8211; Gustavo Adolfo Moreyra \/ <\/span><span style=\"color: #000000;\"><strong>Cuando la Vida es Rutina<\/strong> &#8211; Pablo Emanuel Macchi<\/span><\/span><\/p>\n<p style=\"text-align: justify;\"><span style=\"font-size: 12pt;\"><span style=\"font-family: verdana,geneva;\"><span style=\"color: #000000;\"><span style=\"font-size: 10pt;\">Primer y Segundo premio &#8211; Primer concurso de dramaturgia. Produccion de textos. Teatro Breve. El concurso de Dramaturgia se realiza como parte de los festejos en homenaje a los 50 anos de la Escuela de Teatro de Bahia Blanca y como aporte para la publicacion y difusion de los autores.<\/span><\/span><\/span><\/span><\/p>\n<p><span style=\"font-size: 12pt;\"><span style=\"font-family: verdana,geneva;\"><span style=\"color: #000000;\"><strong>Pequeno Diccionario Teatral Adaptado<\/strong><\/span><\/span><\/span><\/p>\n<p><span style=\"font-size: 12pt;\"><span style=\"font-family: verdana,geneva;\"><span style=\"color: #000000;\"><strong><img decoding=\"async\" title=\"Pequeno Diccionario Teatral Adaptado\" src=\"https:\/\/etbblanca-bue.infd.edu.ar\/sitio\/wp-content\/uploads\/2018\/08\/Pequeno_Diccionario_Tearal_Adaptado.jpg\" alt=\"Pequeno Diccionario Teatral Adaptado\" border=\"0\" \/><\/strong><\/span><\/span><\/span><\/p>\n<p><span style=\"font-size: 12pt;\"><span style=\"font-family: verdana,geneva;\"><span style=\"color: #000000;\">\u00a0<\/span><\/span><\/span><\/p>\n<p class=\"MsoNormal\" style=\"margin: 6pt 0in 0pt; text-align: justify;\"><span lang=\"ES-AR\" style=\"font-size: 10pt; font-family: Verdana; mso-bidi-font-family: Arial;\">En el presente \u201cPeque\u00f1o Diccionario Teatral Adaptado\u201d, encontramos definiciones producidas por ni\u00f1os de entre 6 y 14 a\u00f1os, que resultan de un trabajo realizado por los Alumnos del 3\u00ba a\u00f1o del Espacio de la Pr\u00e1ctica Docente del Profesorado de Artes en Teatro de la Escuela de Teatro de Bah\u00eda Blanca, con el objeto de recoger los saberes logrados por los alumnos de teatro en las escuelas primarias y secundarias p\u00fablicas.<\/span><\/p>\n<p class=\"MsoNormal\" style=\"margin: 6pt 0in 0pt; text-align: justify;\"><span lang=\"ES-AR\" style=\"font-size: 10pt; font-family: Verdana; mso-bidi-font-family: Arial;\"><strong>\u00a0<\/strong><\/span><\/p>\n<p class=\"MsoNormal\" style=\"margin: 6pt 0in 0pt; text-align: justify;\"><span lang=\"ES-AR\" style=\"font-size: 10pt; font-family: Verdana; mso-bidi-font-family: Arial;\"><strong><span style=\"font-size: 12pt;\">Dramaturgia I Obras para mirar de cerca<\/span><\/strong><\/span><\/p>\n<p class=\"MsoNormal\" style=\"margin: 6pt 0in 0pt; text-align: justify;\"><span lang=\"ES-AR\" style=\"font-size: 10pt; font-family: Verdana; mso-bidi-font-family: Arial;\"><strong><span style=\"font-size: 12pt;\"><img decoding=\"async\" title=\"Dramaturgia I Obras para mirar de cerca\" src=\"https:\/\/etbblanca-bue.infd.edu.ar\/sitio\/wp-content\/uploads\/2018\/08\/Dramaturgia_I.jpg\" alt=\"Dramaturgia I Obras para mirar de cerca\" border=\"0\" \/><\/span><\/strong><\/span><\/p>\n<p><span lang=\"ES-AR\" style=\"font-size: 10pt; font-family: Verdana; mso-bidi-font-family: Arial;\"><span style=\"font-size: 12pt;\">\u00a0<\/span><\/span><\/p>\n<p class=\"MsoNormal\" style=\"margin: 0in 0in 0pt; text-align: justify;\"><span lang=\"ES-AR\" style=\"font-size: 10pt; font-family: Verdana; mso-bidi-font-family: Arial;\">Las presentes obras forman parte del Trabajo Final de Graduaci\u00f3n, de los alumnos del 4to A\u00f1o del Profesorado de Artes en Teatro.<\/span><\/p>\n<p class=\"MsoNormal\" style=\"margin: 0in 0in 0pt; text-align: justify;\">\n<p class=\"MsoNormal\" style=\"margin: 0in 0in 0pt; text-align: justify;\"><span lang=\"ES-AR\" style=\"font-size: 10pt; font-family: Verdana; mso-bidi-font-family: Arial;\">\u00a0<\/span><\/p>\n<p class=\"MsoNormal\" style=\"margin: 0in 0in 0pt; text-align: justify;\"><span lang=\"ES-AR\" style=\"font-family: Verdana; font-size: 12pt;\">\u00a0<strong>Teatro Breve II<\/strong><\/span><\/p>\n<p class=\"MsoNormal\" style=\"margin: 0in 0in 0pt; text-align: justify;\"><span lang=\"ES-AR\" style=\"font-size: 10pt; font-family: Verdana; mso-bidi-font-family: Arial;\"><img decoding=\"async\" title=\"Teatro Breve II\" src=\"https:\/\/etbblanca-bue.infd.edu.ar\/sitio\/wp-content\/uploads\/2018\/08\/TeatroBreve2.jpg\" alt=\"Teatro Breve II\" border=\"0\" \/><br \/>\n<\/span><\/p>\n<p class=\"MsoNormal\" style=\"margin: 0in 0in 0pt; text-align: justify;\"><span style=\"font-family: Verdana; font-size: 12pt;\"><strong>\u00a0<\/strong><\/span><\/p>\n<p class=\"MsoNormal\" style=\"margin: 0in 0in 0pt; text-align: justify;\"><span lang=\"ES-AR\" style=\"font-size: 10pt; font-family: Verdana; mso-bidi-font-family: Arial;\"><strong><span style=\"font-size: 12pt;\">\u00a0<\/span><\/strong><\/span><\/p>\n","protected":false},"excerpt":{"rendered":"<p>Publicaciones Institucionales\u00a0 DRAO: La revista de la Escuela de Teatro Teatro Breve Monica &#8211; Gustavo Adolfo Moreyra \/ Cuando la Vida es Rutina &#8211; Pablo Emanuel Macchi Primer y Segundo premio &#8211; Primer concurso de dramaturgia. Produccion de textos. Teatro Breve. El concurso de Dramaturgia se realiza como parte de los festejos en homenaje a &#8230; <a title=\"Publicaciones\" class=\"read-more\" href=\"https:\/\/etbblanca-bue.infd.edu.ar\/sitio\/publicaciones\/\" aria-label=\"More on Publicaciones\">[+]<\/a><\/p>\n","protected":false},"author":148,"featured_media":0,"parent":0,"menu_order":0,"comment_status":"closed","ping_status":"closed","template":"","meta":[],"acf":[],"_links":{"self":[{"href":"https:\/\/etbblanca-bue.infd.edu.ar\/sitio\/wp-json\/wp\/v2\/pages\/792"}],"collection":[{"href":"https:\/\/etbblanca-bue.infd.edu.ar\/sitio\/wp-json\/wp\/v2\/pages"}],"about":[{"href":"https:\/\/etbblanca-bue.infd.edu.ar\/sitio\/wp-json\/wp\/v2\/types\/page"}],"author":[{"embeddable":true,"href":"https:\/\/etbblanca-bue.infd.edu.ar\/sitio\/wp-json\/wp\/v2\/users\/148"}],"replies":[{"embeddable":true,"href":"https:\/\/etbblanca-bue.infd.edu.ar\/sitio\/wp-json\/wp\/v2\/comments?post=792"}],"version-history":[{"count":1,"href":"https:\/\/etbblanca-bue.infd.edu.ar\/sitio\/wp-json\/wp\/v2\/pages\/792\/revisions"}],"predecessor-version":[{"id":1774,"href":"https:\/\/etbblanca-bue.infd.edu.ar\/sitio\/wp-json\/wp\/v2\/pages\/792\/revisions\/1774"}],"wp:attachment":[{"href":"https:\/\/etbblanca-bue.infd.edu.ar\/sitio\/wp-json\/wp\/v2\/media?parent=792"}],"curies":[{"name":"wp","href":"https:\/\/api.w.org\/{rel}","templated":true}]}}