{"id":788,"date":"2018-08-29T22:47:45","date_gmt":"2018-08-30T01:47:45","guid":{"rendered":"https:\/\/etbblanca-bue.infd.edu.ar\/sitio\/tecnicatura-en-iluminacion\/"},"modified":"2019-05-13T17:56:28","modified_gmt":"2019-05-13T20:56:28","slug":"tecnicatura-en-iluminacion","status":"publish","type":"page","link":"https:\/\/etbblanca-bue.infd.edu.ar\/sitio\/tecnicatura-en-iluminacion\/","title":{"rendered":"Tecnicatura en Iluminaci\u00f3n"},"content":{"rendered":"<blockquote><p><span style=\"font-size: small; color: #000099; font-family: verdana,geneva;\"><strong>Programa de Formaci\u00f3n de Grado T\u00e9cnico Profesional<\/strong><\/span><\/p>\n<p><span style=\"font-size: 10pt; font-family: Verdana; mso-bidi-font-size: 8.0pt;\"><span style=\"font-family: verdana,geneva;\">La <strong>Tecnicatura en Iluminaci\u00f3n<\/strong>, es una carrera destinada a la formaci\u00f3n de un profesional vers\u00e1til dentro del rubro del espect\u00e1culo y la publicidad que adquiera conocimientos relacionados en el dise\u00f1o, la instalaci\u00f3n y la ejecuci\u00f3n de cualquier proyecto que requiera o incorpore la iluminaci\u00f3n como factor principal o accesorio. <\/span><\/span><span style=\"font-size: 10pt;\"><span style=\"font-family: verdana,geneva;\">Como ejemplos concretos se pueden relacionar las actividades en conciertos de cualquier estilo musical, obras de teatro, danza, exposiciones, stands, festivales multidisciplinarios, adecuaciones comerciales de locales o cualquier estructura edilicia, espacios p\u00fablicos, entre otros.<\/span><\/span><\/p>\n<p><span style=\"font-size: 10pt;\"><strong><span style=\"color: #000099; font-family: verdana,geneva;\">El egresado de la carrera de\u00a0Iluminaci\u00f3n est\u00e1 capacitado para:<\/span><\/strong><\/span><\/p>\n<p><span style=\"color: #000099; font-size: 10pt;\"><span style=\"color: #000099;\"><span style=\"color: #000099;\"><span style=\"color: #000000; font-family: verdana, geneva;\">* Proyectar, integrar o modificar sistemas de alumbrado en interiores y exteriores<br \/>\n* Dise\u00f1o y realizaci\u00f3n de instalaciones lum\u00ednicas<br \/>\n* Proyecto y realizaci\u00f3n de adecuaciones de niveles lum\u00ednicos de acuerdo a normas laborales<br \/>\n* Dise\u00f1o de iluminaci\u00f3n decorativa arquitect\u00f3nica<\/span><\/span><\/span><\/span><\/p>\n<p><span style=\"color: #000099;\"><span style=\"color: #000099;\"><span style=\"color: #000099;\"><span style=\"color: #000099;\"><span style=\"color: #000099;\"><span style=\"color: #000099;\"><span style=\"color: #000099;\"><span style=\"color: #000099;\"><span style=\"color: #000099;\"><span style=\"color: #000099;\"><span style=\"color: #000099;\"><span style=\"color: #000099;\"><strong><span style=\"color: #000099; font-family: verdana, geneva; font-size: 10pt;\">El \u00e1mbito de trabajo del\u00a0iluminador se encuentra en:<\/span><span style=\"color: #000099; font-family: verdana,geneva;\"><span style=\"color: #000099; font-family: verdana,geneva;\"><span style=\"color: #000000; font-family: verdana,geneva;\"><span style=\"font-size: 10pt;\">\u00a0<\/span>\u00a0 <\/span><\/span><\/span><\/strong><\/span><\/span><\/span><\/span><\/span><\/span><\/span><\/span><\/span><\/span><\/span><\/span><\/p>\n<p><span style=\"color: #000099; font-size: 10pt;\"><span style=\"color: #000099;\"><span style=\"color: #000099;\"><span style=\"color: #000099;\"><span style=\"color: #000099;\"><span style=\"color: #000099;\"><span style=\"color: #000099;\"><span style=\"color: #000099;\"><span style=\"color: #000099;\"><span style=\"color: #000099;\"><span style=\"color: #000099;\"><span style=\"color: #000099;\"><span style=\"color: #000099; font-family: verdana,geneva;\"><span style=\"color: #000099; font-family: verdana,geneva;\"><span style=\"color: #000000; font-family: verdana,geneva;\"><span style=\"font-family: verdana,geneva;\">&#8211;\u00a0 Teatros p\u00fablicos y privados<br \/>\n&#8211;\u00a0 Productoras de Cine y TV. Abierta y por cable<br \/>\n&#8211;\u00a0 Centros comerciales<br \/>\n&#8211;\u00a0 Parques tem\u00e1ticos<br \/>\n&#8211;\u00a0 Empresas de decoraci\u00f3n<br \/>\n&#8211;\u00a0 Estudios de arquitectura<br \/>\n&#8211;\u00a0 Talleres de dise\u00f1o y realizaci\u00f3n de eventos<\/span><\/span><\/span><\/span><\/span><\/span><\/span><\/span><\/span><\/span><\/span><\/span><\/span><\/span><\/span><\/span><\/p>\n<p><span style=\"color: #000099; font-size: 10pt;\"><span style=\"color: #000099;\"><span style=\"color: #000099;\"><span style=\"color: #000099;\"><span style=\"color: #000099;\"><span style=\"color: #000099;\"><span style=\"color: #000099;\"><span style=\"color: #000099;\"><span style=\"color: #000099;\"><span style=\"color: #000099;\"><span style=\"color: #000099;\"><span style=\"color: #000099;\"><span style=\"color: #000099; font-family: verdana,geneva;\"><span style=\"color: #000099; font-family: verdana,geneva;\"><span style=\"color: #000000; font-family: verdana,geneva;\"><span style=\"font-family: verdana,geneva;\"><strong><span style=\"color: #000099;\">T\u00cdTULO:\u00a0<\/span><\/strong><\/span><\/span><\/span><\/span><\/span><\/span><\/span><\/span><\/span><\/span><\/span><\/span><\/span><\/span><\/span><\/span><span style=\"color: #000099; font-size: 10pt;\"><span style=\"color: #000099; font-family: verdana,geneva;\"><span style=\"color: #000000; font-family: verdana,geneva;\">Iluminador<\/span><\/span><\/span><\/p>\n<p><span style=\"color: #000099; font-size: 10pt;\"><span style=\"color: #000099;\"><span style=\"color: #000099;\"><span style=\"color: #000099;\"><span style=\"color: #000099;\"><span style=\"color: #000099;\"><span style=\"color: #000099;\"><span style=\"color: #000099;\"><span style=\"color: #000099;\"><span style=\"color: #000099;\"><span style=\"color: #000099;\"><span style=\"color: #000099;\"><span style=\"color: #000099; font-family: verdana,geneva;\"><span style=\"color: #000099; font-family: verdana,geneva;\"><span style=\"color: #000000; font-family: verdana,geneva;\"><span style=\"font-family: verdana,geneva;\"><strong><span style=\"color: #000099;\">DURACI\u00d3N:\u00a0<\/span><\/strong><\/span><\/span><\/span><\/span><\/span><\/span><\/span><\/span><\/span><\/span><\/span><\/span><\/span><\/span><\/span><\/span><span style=\"color: #000099; font-size: 10pt;\"><span style=\"color: #000099; font-family: verdana,geneva;\"><span style=\"color: #000000; font-family: verdana,geneva;\">Un a\u00f1o de Formaci\u00f3n B\u00e1sica y\u00a0dos\u00a0A\u00f1os de carrera<\/span><\/span><\/span><\/p>\n<p><span style=\"color: #000099; font-size: 10pt;\"><span style=\"color: #000099;\"><span style=\"color: #000099;\"><span style=\"color: #000099;\"><span style=\"color: #000099;\"><span style=\"color: #000099;\"><span style=\"color: #000099;\"><span style=\"color: #000099;\"><span style=\"color: #000099;\"><span style=\"color: #000099;\"><span style=\"color: #000099;\"><span style=\"color: #000099;\"><span style=\"color: #000099; font-family: verdana,geneva;\"><span style=\"color: #000099; font-family: verdana,geneva;\"><span style=\"color: #000000; font-family: verdana,geneva;\"><strong><span style=\"font-family: verdana,geneva;\"><span style=\"color: #000099;\">REQUISITOS DE INGRESO:<\/span>\u00a0<\/span><span style=\"font-family: verdana,geneva;\"><span style=\"font-family: verdana,geneva;\"><span style=\"font-family: verdana,geneva;\"><span style=\"color: #000000;\">\u00a0\u00a0<\/span><\/span><\/span><\/span><\/strong><\/span><\/span><\/span><\/span><\/span><\/span><\/span><\/span><\/span><\/span><\/span><\/span><\/span><\/span><\/span><\/p>\n<p><span style=\"color: #000099; font-size: 10pt;\"><span style=\"color: #000099;\"><span style=\"color: #000099;\"><span style=\"color: #000099;\"><span style=\"color: #000099;\"><span style=\"color: #000099;\"><span style=\"color: #000099;\"><span style=\"color: #000099;\"><span style=\"color: #000099;\"><span style=\"color: #000099;\"><span style=\"color: #000099;\"><span style=\"color: #000099;\"><span style=\"color: #000099;\"><span style=\"color: #000099;\"><span style=\"color: #000000;\"><span style=\"color: #000000; font-family: verdana, geneva;\">(A la Formaci\u00f3n B\u00e1sica) 4to A\u00f1o de nivel Secundario completo<br \/>\n(A la carrera) Formaci\u00f3n B\u00e1sica y Secundario completo<\/span><\/span><\/span><\/span><\/span><\/span><\/span><\/span><\/span><\/span><\/span><\/span><\/span><\/span><\/span><\/span><\/p><\/blockquote>\n","protected":false},"excerpt":{"rendered":"<p>Programa de Formaci\u00f3n de Grado T\u00e9cnico Profesional La Tecnicatura en Iluminaci\u00f3n, es una carrera destinada a la formaci\u00f3n de un profesional vers\u00e1til dentro del rubro del espect\u00e1culo y la publicidad que adquiera conocimientos relacionados en el dise\u00f1o, la instalaci\u00f3n y la ejecuci\u00f3n de cualquier proyecto que requiera o incorpore la iluminaci\u00f3n como factor principal o &#8230; <a title=\"Tecnicatura en Iluminaci\u00f3n\" class=\"read-more\" href=\"https:\/\/etbblanca-bue.infd.edu.ar\/sitio\/tecnicatura-en-iluminacion\/\" aria-label=\"More on Tecnicatura en Iluminaci\u00f3n\">[+]<\/a><\/p>\n","protected":false},"author":148,"featured_media":0,"parent":0,"menu_order":0,"comment_status":"closed","ping_status":"closed","template":"","meta":[],"acf":[],"_links":{"self":[{"href":"https:\/\/etbblanca-bue.infd.edu.ar\/sitio\/wp-json\/wp\/v2\/pages\/788"}],"collection":[{"href":"https:\/\/etbblanca-bue.infd.edu.ar\/sitio\/wp-json\/wp\/v2\/pages"}],"about":[{"href":"https:\/\/etbblanca-bue.infd.edu.ar\/sitio\/wp-json\/wp\/v2\/types\/page"}],"author":[{"embeddable":true,"href":"https:\/\/etbblanca-bue.infd.edu.ar\/sitio\/wp-json\/wp\/v2\/users\/148"}],"replies":[{"embeddable":true,"href":"https:\/\/etbblanca-bue.infd.edu.ar\/sitio\/wp-json\/wp\/v2\/comments?post=788"}],"version-history":[{"count":1,"href":"https:\/\/etbblanca-bue.infd.edu.ar\/sitio\/wp-json\/wp\/v2\/pages\/788\/revisions"}],"predecessor-version":[{"id":897,"href":"https:\/\/etbblanca-bue.infd.edu.ar\/sitio\/wp-json\/wp\/v2\/pages\/788\/revisions\/897"}],"wp:attachment":[{"href":"https:\/\/etbblanca-bue.infd.edu.ar\/sitio\/wp-json\/wp\/v2\/media?parent=788"}],"curies":[{"name":"wp","href":"https:\/\/api.w.org\/{rel}","templated":true}]}}