{"id":786,"date":"2018-08-29T22:47:44","date_gmt":"2018-08-30T01:47:44","guid":{"rendered":"https:\/\/etbblanca-bue.infd.edu.ar\/sitio\/tecnicatura-en-maquillaje\/"},"modified":"2019-05-13T18:01:13","modified_gmt":"2019-05-13T21:01:13","slug":"tecnicatura-en-maquillaje","status":"publish","type":"page","link":"https:\/\/etbblanca-bue.infd.edu.ar\/sitio\/tecnicatura-en-maquillaje\/","title":{"rendered":"Tecnicatura en Maquillaje"},"content":{"rendered":"<blockquote><p><span style=\"color: #000099; font-family: verdana, geneva; font-size: medium;\"><strong>Programa de Formaci\u00f3n de Grado T\u00e9cnico Profesional<\/strong><\/span><\/p>\n<p><span style=\"font-family: verdana, geneva; font-size: 10pt;\">Si tu vocaci\u00f3n es abordar una caracterizaci\u00f3n de un buen personaje fant\u00e1stico, en el \u00e1mbito teatral o en el s\u00e9ptimo arte. La <strong>Tecnicatura en Maquillaje<\/strong> te ofrece las herramientas fundamentales para adquirir un claro conocimiento de diversas t\u00e9cnicas de maquillaje y peluquer\u00eda teatral para poder lograr todo tipo de proyecto de elaboraci\u00f3n de personajes y caracterizaci\u00f3n en todas las ramas art\u00edsticas. Un completo plan de estudios que permite una preparaci\u00f3n s\u00f3lida, ampliando en ella un abanico de posibilidades de desarrollo y crecimiento profesional<\/span><\/p>\n<p><span style=\"font-size: 10pt;\"><strong><span style=\"color: #000099; font-family: verdana, geneva;\">El egresado de la carrera de Maquillaje est\u00e1 capacitadopara dise\u00f1ar:<\/span><\/strong><strong><span style=\"color: #000099; font-family: verdana, geneva;\"><span style=\"color: #000099; font-family: verdana, geneva;\"><span style=\"font-family: verdana, geneva;\">\u00a0<\/span><\/span><\/span><\/strong><\/span><\/p>\n<p><span style=\"color: #000099; font-family: verdana, geneva;\"><span style=\"color: #000099; font-family: verdana, geneva;\"><span style=\"font-family: verdana, geneva; font-size: 10pt;\"><span style=\"color: #000000;\">* Dise\u00f1o y realizaci\u00f3n de maquillaje, accesorios, m\u00e1scaras y\u00a0 caracterizaci\u00f3n teatral<br \/>\n* Proyectos de maquillaje social<br \/>\n* Trabajos de peluquer\u00eda, posticer\u00eda, extensiones,\u00a0armado de pelucas<br \/>\n* Dise\u00f1o y realizaci\u00f3n de vestuario teatral y de espect\u00e1culos<br \/>\n* Asesoramiento profesional<\/span><\/span><\/p>\n<p><span style=\"font-size: 10pt;\"><strong><span style=\"color: #000099; font-family: verdana, geneva;\">El \u00e1mbito de trabajo del maquillador se encuentra en:<\/span><\/strong><strong><span style=\"color: #000099; font-family: verdana, geneva;\"><span style=\"color: #000099; font-family: verdana, geneva;\"><span style=\"font-family: verdana, geneva;\">\u00a0\u00a0<\/span><\/span><\/span><\/strong><\/span><\/span><\/span><span style=\"color: #000099; font-family: verdana, geneva; font-size: 10pt;\"><span style=\"color: #000099; font-family: verdana, geneva;\"><span style=\"color: #000099; font-family: verdana, geneva;\"><span style=\"color: #000099; font-family: verdana, geneva;\"><span style=\"font-family: verdana, geneva;\"><span style=\"color: #000000;\">\u00a0 <\/span><\/span><\/span><\/span><\/span><\/span><\/p>\n<p><span style=\"color: #000099; font-family: verdana, geneva;\"><span style=\"color: #000099; font-family: verdana, geneva;\"><span style=\"color: #000099; font-family: verdana, geneva;\"><span style=\"color: #000099; font-family: verdana, geneva;\"><span style=\"font-family: verdana, geneva;\"><span style=\"color: #000000; font-size: 10pt;\">&#8211;\u00a0 Cine, teatro, televisi\u00f3n<br \/>\n&#8211;\u00a0 Desfiles de moda<br \/>\n&#8211;\u00a0 Eventos sociales, face painting, body painting<br \/>\n&#8211;\u00a0 Producciones fotogr\u00e1ficas<br \/>\n&#8211;\u00a0 Eventos art\u00edsticos y espect\u00e1culos<br \/>\n&#8211;\u00a0 Producci\u00f3n de efectos especiales<\/span><br \/>\n<\/span><\/span><\/span><\/span><\/span><\/p>\n<p><span style=\"font-family: verdana, geneva; font-size: 10pt;\"><strong><span style=\"color: #000099;\">T\u00cdTULO:\u00a0<\/span><\/strong><\/span><span style=\"font-family: verdana, geneva; font-size: 10pt;\">Maquillador<\/span><\/p>\n<p><span style=\"font-family: verdana, geneva; font-size: 10pt;\"><strong><span style=\"color: #000099;\">DURACI\u00d3N:\u00a0<\/span><\/strong><\/span><span style=\"font-family: verdana, geneva;\"><span style=\"font-size: small;\"><span style=\"font-size: 10pt;\">Un a\u00f1o de Formaci\u00f3n B\u00e1sica y dos A\u00f1os de carrera<\/span><\/span><\/span><\/p>\n<p><span style=\"font-family: verdana, geneva; font-size: 10pt;\"><strong><span style=\"color: #000099;\">REQUISITOS DE INGRESO:<\/span><\/strong>\u00a0<\/span><span style=\"font-family: verdana, geneva;\"><span style=\"font-family: verdana, geneva;\"><span style=\"font-family: verdana, geneva;\"><span style=\"color: #000000;\"><span style=\"font-size: 10pt;\">\u00a0<\/span>\u00a0 <\/span><\/span><\/span><\/span><\/p>\n<p><span style=\"font-family: verdana, geneva; font-size: 10pt;\"><span style=\"font-family: verdana, geneva;\"><span style=\"font-family: verdana, geneva;\"><span style=\"color: #000000;\">(A la Formaci\u00f3n B\u00e1sica) 5to A\u00f1o de nivel Secundario completo<br \/>\n(A la carrera) Formaci\u00f3n B\u00e1sica y Secundario completo<\/span><\/span><\/span><\/span><\/p><\/blockquote>\n","protected":false},"excerpt":{"rendered":"<p>Programa de Formaci\u00f3n de Grado T\u00e9cnico Profesional Si tu vocaci\u00f3n es abordar una caracterizaci\u00f3n de un buen personaje fant\u00e1stico, en el \u00e1mbito teatral o en el s\u00e9ptimo arte. La Tecnicatura en Maquillaje te ofrece las herramientas fundamentales para adquirir un claro conocimiento de diversas t\u00e9cnicas de maquillaje y peluquer\u00eda teatral para poder lograr todo tipo &#8230; <a title=\"Tecnicatura en Maquillaje\" class=\"read-more\" href=\"https:\/\/etbblanca-bue.infd.edu.ar\/sitio\/tecnicatura-en-maquillaje\/\" aria-label=\"More on Tecnicatura en Maquillaje\">[+]<\/a><\/p>\n","protected":false},"author":148,"featured_media":0,"parent":0,"menu_order":0,"comment_status":"closed","ping_status":"closed","template":"","meta":[],"acf":[],"_links":{"self":[{"href":"https:\/\/etbblanca-bue.infd.edu.ar\/sitio\/wp-json\/wp\/v2\/pages\/786"}],"collection":[{"href":"https:\/\/etbblanca-bue.infd.edu.ar\/sitio\/wp-json\/wp\/v2\/pages"}],"about":[{"href":"https:\/\/etbblanca-bue.infd.edu.ar\/sitio\/wp-json\/wp\/v2\/types\/page"}],"author":[{"embeddable":true,"href":"https:\/\/etbblanca-bue.infd.edu.ar\/sitio\/wp-json\/wp\/v2\/users\/148"}],"replies":[{"embeddable":true,"href":"https:\/\/etbblanca-bue.infd.edu.ar\/sitio\/wp-json\/wp\/v2\/comments?post=786"}],"version-history":[{"count":1,"href":"https:\/\/etbblanca-bue.infd.edu.ar\/sitio\/wp-json\/wp\/v2\/pages\/786\/revisions"}],"predecessor-version":[{"id":898,"href":"https:\/\/etbblanca-bue.infd.edu.ar\/sitio\/wp-json\/wp\/v2\/pages\/786\/revisions\/898"}],"wp:attachment":[{"href":"https:\/\/etbblanca-bue.infd.edu.ar\/sitio\/wp-json\/wp\/v2\/media?parent=786"}],"curies":[{"name":"wp","href":"https:\/\/api.w.org\/{rel}","templated":true}]}}