{"id":784,"date":"2018-08-29T22:47:43","date_gmt":"2018-08-30T01:47:43","guid":{"rendered":"https:\/\/etbblanca-bue.infd.edu.ar\/sitio\/tecnicatura-en-escenografia\/"},"modified":"2019-05-13T17:54:38","modified_gmt":"2019-05-13T20:54:38","slug":"tecnicatura-en-escenografia","status":"publish","type":"page","link":"https:\/\/etbblanca-bue.infd.edu.ar\/sitio\/tecnicatura-en-escenografia\/","title":{"rendered":"Tecnicatura en Escenograf\u00eda"},"content":{"rendered":"<blockquote><p><span style=\"font-family: verdana,geneva; color: #000099; font-size: 12pt;\"><strong>Programa de Formaci\u00f3n de Grado T\u00e9cnico Profesional<\/strong><\/span><\/p>\n<p><span style=\"font-size: 12pt;\"><span style=\"font-family: verdana,geneva; font-size: 10pt;\">Si tu vocaci\u00f3n es el Arte y te atraen las Artes Visuales, si te gusta el teatro y el espect\u00e1culo en general, la <strong>Tecnicatura en Escenograf\u00eda<\/strong> te brinda una formaci\u00f3n te\u00f3rico &#8211; pr\u00e1ctica completa y en constante actualizaci\u00f3n, que permite desarrollar las aptitudes y habilidades naturales en cuanto a creatividad, sensibilidad, gusto art\u00edstico y destrezas espec\u00edficas. Brindando un amplio caudal de conocimientos hist\u00f3ricos, art\u00edsticos y t\u00e9cnicos, capacitando al escen\u00f3grafo para proyectar y realizar escenograf\u00edas para obras de teatro, \u00f3pera, ballet, sea en teatro, cine, televisi\u00f3n, fiestas y espect\u00e1culos en general<br \/>\n<\/span><\/span><\/p>\n<p><span style=\"font-size: 10pt;\"><strong><span style=\"font-family: verdana,geneva; color: #000099;\">El egresado de la carrera de Escenograf\u00eda est\u00e1 capacitado para dise\u00f1ar:<\/span><\/strong><\/span><\/p>\n<p><span style=\"color: #000099;\"><span style=\"color: #000099;\"><span style=\"color: #000099;\"><br \/>\n<span style=\"font-family: verdana, geneva; font-size: 10pt;\"><span style=\"color: #000000;\">* Dise\u00f1o y realizaci\u00f3n de escenograf\u00edas para: teatro, televisi\u00f3n, cine, conciertos, ballet, comedia musical, \u00f3pera, cortos publicitarios, eventos, espect\u00e1culos, festivales, vidrieras, stand y exposiciones, actos y ceremonias, etc.<br \/>\n* Ambientaciones de \u00e9poca y estilos. Recreaciones hist\u00f3ricas. Instalaciones.<br \/>\n* Proyecto y realizaci\u00f3n de mobiliario y ornamentos esc\u00e9nicos. Maquetista y modeladores. Dibujo y pintura esc\u00e9nicos<br \/>\n* Dise\u00f1o y realizaci\u00f3n de vestuario teatral y de espect\u00e1culos, plantas de luces.<\/span> <\/span><\/span><\/span><\/span><\/p>\n<p><span style=\"font-size: 10pt;\"><strong><span style=\"font-family: verdana,geneva; color: #000099;\">El \u00e1mbito de trabajo del escen\u00f3grafo se encuentra en:<\/span><span style=\"font-family: verdana,geneva; color: #000099;\"><span style=\"font-family: verdana,geneva; color: #000099;\"><span style=\"font-family: verdana,geneva; color: #000000;\">\u00a0\u00a0 <\/span><\/span><\/span><\/strong><\/span><\/p>\n<p><span style=\"font-family: verdana, geneva; color: #000099; font-size: 10pt;\"><span style=\"font-family: verdana,geneva; color: #000099;\"><span style=\"font-family: verdana,geneva; color: #000000;\">&#8211;\u00a0 Teatros p\u00fablicos y privados<br \/>\n&#8211;\u00a0 Productoras de Cine y TV. Abierta y por cable<br \/>\n&#8211;\u00a0 Centros comerciales<br \/>\n&#8211;\u00a0 Parques tem\u00e1ticos<br \/>\n&#8211;\u00a0 Empresas de decoraci\u00f3n<br \/>\n&#8211;\u00a0 Estudios de arquitectura<br \/>\n&#8211;\u00a0 Talleres de dise\u00f1o y realizaci\u00f3n de eventos<br \/>\n<\/span><\/span><\/span><\/p>\n<p><span style=\"font-family: verdana, geneva; font-size: 10pt;\"><strong><span style=\"color: #000099;\">T\u00cdTULO:<\/span> <\/strong><\/span><\/p>\n<p><span style=\"font-family: verdana, geneva; font-size: 10pt;\"><span style=\"color: #000000;\">Escen\u00f3grafo<br \/>\n<\/span><\/span><\/p>\n<p><span style=\"font-family: verdana, geneva; font-size: 10pt;\"><strong><span style=\"color: #000099;\">DURACI\u00d3N:<\/span> <\/strong><\/span><\/p>\n<p><span style=\"font-family: verdana, geneva; font-size: 10pt;\"><span style=\"color: #000000;\">Un a\u00f1o de Formaci\u00f3n B\u00e1sica y tres\u00a0A\u00f1os de carrera<\/span><\/span><\/p>\n<p><span style=\"font-size: 10pt;\"><strong><span style=\"font-family: verdana,geneva;\"><span style=\"color: #000099;\">REQUISITOS DE INGRESO:<\/span>\u00a0<\/span><span style=\"font-family: verdana,geneva;\"><span style=\"font-family: verdana,geneva;\"><span style=\"font-family: verdana,geneva;\"><span style=\"color: #000000;\">\u00a0\u00a0 <\/span><\/span><\/span><\/span><\/strong><\/span><\/p>\n<p><span style=\"font-family: verdana, geneva; font-size: 10pt;\"><span style=\"font-family: verdana,geneva;\"><span style=\"font-family: verdana,geneva;\"><span style=\"color: #000000;\">(A la Formaci\u00f3n B\u00e1sica) 4to A\u00f1o de nivel Secundario completo<br \/>\n(A la carrera) Formaci\u00f3n B\u00e1sica y Secundaria completo<\/span><\/span><\/span><\/span><\/p>\n<p><span style=\"font-family: verdana,geneva;\"><span style=\"font-family: verdana,geneva;\"><span style=\"font-family: verdana,geneva;\">\u00a0<\/span><\/span><\/span><\/p><\/blockquote>\n","protected":false},"excerpt":{"rendered":"<p>Programa de Formaci\u00f3n de Grado T\u00e9cnico Profesional Si tu vocaci\u00f3n es el Arte y te atraen las Artes Visuales, si te gusta el teatro y el espect\u00e1culo en general, la Tecnicatura en Escenograf\u00eda te brinda una formaci\u00f3n te\u00f3rico &#8211; pr\u00e1ctica completa y en constante actualizaci\u00f3n, que permite desarrollar las aptitudes y habilidades naturales en cuanto &#8230; <a title=\"Tecnicatura en Escenograf\u00eda\" class=\"read-more\" href=\"https:\/\/etbblanca-bue.infd.edu.ar\/sitio\/tecnicatura-en-escenografia\/\" aria-label=\"More on Tecnicatura en Escenograf\u00eda\">[+]<\/a><\/p>\n","protected":false},"author":148,"featured_media":0,"parent":0,"menu_order":0,"comment_status":"closed","ping_status":"closed","template":"","meta":[],"acf":[],"_links":{"self":[{"href":"https:\/\/etbblanca-bue.infd.edu.ar\/sitio\/wp-json\/wp\/v2\/pages\/784"}],"collection":[{"href":"https:\/\/etbblanca-bue.infd.edu.ar\/sitio\/wp-json\/wp\/v2\/pages"}],"about":[{"href":"https:\/\/etbblanca-bue.infd.edu.ar\/sitio\/wp-json\/wp\/v2\/types\/page"}],"author":[{"embeddable":true,"href":"https:\/\/etbblanca-bue.infd.edu.ar\/sitio\/wp-json\/wp\/v2\/users\/148"}],"replies":[{"embeddable":true,"href":"https:\/\/etbblanca-bue.infd.edu.ar\/sitio\/wp-json\/wp\/v2\/comments?post=784"}],"version-history":[{"count":1,"href":"https:\/\/etbblanca-bue.infd.edu.ar\/sitio\/wp-json\/wp\/v2\/pages\/784\/revisions"}],"predecessor-version":[{"id":896,"href":"https:\/\/etbblanca-bue.infd.edu.ar\/sitio\/wp-json\/wp\/v2\/pages\/784\/revisions\/896"}],"wp:attachment":[{"href":"https:\/\/etbblanca-bue.infd.edu.ar\/sitio\/wp-json\/wp\/v2\/media?parent=784"}],"curies":[{"name":"wp","href":"https:\/\/api.w.org\/{rel}","templated":true}]}}