{"id":782,"date":"2018-08-29T22:47:43","date_gmt":"2018-08-30T01:47:43","guid":{"rendered":"https:\/\/etbblanca-bue.infd.edu.ar\/sitio\/tecnicatura-en-actuacion\/"},"modified":"2019-05-13T17:49:31","modified_gmt":"2019-05-13T20:49:31","slug":"tecnicatura-en-actuacion","status":"publish","type":"page","link":"https:\/\/etbblanca-bue.infd.edu.ar\/sitio\/tecnicatura-en-actuacion\/","title":{"rendered":"Tecnicatura en Actuaci\u00f3n"},"content":{"rendered":"<blockquote>\n<p style=\"text-align: left;\"><span style=\"font-family: verdana, geneva;\"><span style=\"font-size: medium;\"><span style=\"color: #000000;\"><span style=\"font-family: verdana, geneva;\"><strong><span style=\"color: #000099;\">Programa de Formaci\u00f3n de Grado T\u00e9cnico Profesional<\/span><\/strong><\/span><\/span><\/span><\/span><\/p>\n<p><span style=\"color: #000000; font-family: verdana, geneva; font-size: 10pt;\">Si tu sue\u00f1o es ser un <strong>actor profesional<\/strong>, la Tecnicatura en Actuaci\u00f3n te brinda las herramientas que te permitir\u00e1 enfrentar de forma aut\u00f3noma y gestora, todas las alternativas que la profesi\u00f3n permite, formando un profesional con una s\u00f3lida base de conocimientos te\u00f3ricos, t\u00e9cnicos y pr\u00e1cticos; otorgando todas las posibilidades a quienes han visto en el teatro su vida, futuro, pasi\u00f3n y fuente laboral.<\/span><\/p>\n<p><span style=\"color: #000000; font-family: verdana, geneva; font-size: 10pt;\">La Metodolog\u00eda de ense\u00f1anza, se halla fundamentada en la educaci\u00f3n del actor por medio de m\u00e9todos que lo doten para descubrir y potenciar su creatividad, a trav\u00e9s del desarrollo de las percepciones y sus capacidades de interpretaci\u00f3n y an\u00e1lisis, prepar\u00e1ndolo para enfrentar de manera exitosa cualquier tipo de proceso creativo que obedezca a cualquier est\u00e9tica o po\u00e9tica.<\/span><\/p>\n<p><strong><span style=\"font-size: medium;\"><span style=\"font-family: verdana, geneva;\"><span style=\"color: #000099;\">El \u00e1mbito de trabajo del actor se encuentra en:<\/span><\/span><\/span><\/strong><strong><span style=\"font-size: medium;\"><span style=\"font-family: verdana, geneva;\"><span style=\"color: #000099;\"><span style=\"font-size: medium;\"><span style=\"font-size: medium;\"><span style=\"color: #000000;\"><span style=\"font-family: verdana, geneva;\">\u00a0\u00a0<\/span><\/span><\/span><\/span><\/span><\/span><\/span><\/strong><\/p>\n<p><span style=\"font-size: medium;\"><span style=\"font-size: medium;\"><span style=\"font-size: small;\"><span style=\"color: #000000; font-size: 10pt;\"><span style=\"font-family: verdana, geneva;\">&#8211;\u00a0 Teatros<\/span><br \/>\n<span style=\"font-family: verdana, geneva;\">&#8211;\u00a0 Compa\u00f1\u00edas de Teatro<\/span><br \/>\n<span style=\"font-family: verdana, geneva;\">&#8211;\u00a0 Canales de Televisi\u00f3n<\/span><br \/>\n<span style=\"font-family: verdana, geneva;\">&#8211;\u00a0 Cine<\/span><br \/>\n<span style=\"font-family: verdana, geneva;\">&#8211;\u00a0 Publicidad<\/span><br \/>\n<span style=\"font-family: verdana, geneva;\">&#8211;\u00a0 Radios<\/span><br \/>\n<span style=\"font-family: verdana, geneva;\">&#8211;\u00a0 Productoras de eventos<\/span><br \/>\n<span style=\"font-family: verdana, geneva;\">&#8211;\u00a0 Productoras de Cine y Televisi\u00f3n<\/span><br \/>\n<span style=\"font-family: verdana, geneva;\">&#8211;\u00a0 Departamentos Culturales de la Empresa P\u00fablica<\/span><\/span><br \/>\n<\/span><\/span><\/span><\/p>\n<p><strong><span style=\"color: #000099; font-family: verdana, geneva; font-size: medium;\">T\u00cdTULO:<\/span><\/strong><\/p>\n<p><span style=\"font-family: verdana, geneva; font-size: 10pt;\">Actor\/Actriz<\/span><\/p>\n<p><span style=\"font-family: verdana, geneva;\"><span style=\"color: #000099;\"><span style=\"font-size: medium;\"><strong>DURACI\u00d3N: <\/strong><\/span><\/span><\/span><\/p>\n<p><span style=\"font-family: verdana, geneva; font-size: 10pt;\"><span style=\"color: #000099;\"><span style=\"color: #000000;\">Un a\u00f1o de Formaci\u00f3n B\u00e1sica (ingreso a la carrera) y tres A\u00f1os de carrera<\/span><\/span><\/span><\/p>\n<p><strong><span style=\"color: #000099; font-family: verdana, geneva; font-size: medium;\">REQUISITOS DE INGRESO:<\/span><\/strong><\/p>\n<p><span style=\"font-size: 10pt;\"><span style=\"font-family: verdana, geneva;\">*\u00a0<\/span><span style=\"font-family: verdana, geneva;\">(A la Formaci\u00f3n B\u00e1sica) 5to A\u00f1o de nivel Secundario completo<\/span><\/span><\/p>\n<p><span style=\"font-size: 10pt;\">*\u00a0<span style=\"font-family: verdana, geneva;\">(A la carrera) Formaci\u00f3n B\u00e1sica Actuaci\u00f3n y Secundaria completa<\/span><\/span><\/p><\/blockquote>\n","protected":false},"excerpt":{"rendered":"<p>Programa de Formaci\u00f3n de Grado T\u00e9cnico Profesional Si tu sue\u00f1o es ser un actor profesional, la Tecnicatura en Actuaci\u00f3n te brinda las herramientas que te permitir\u00e1 enfrentar de forma aut\u00f3noma y gestora, todas las alternativas que la profesi\u00f3n permite, formando un profesional con una s\u00f3lida base de conocimientos te\u00f3ricos, t\u00e9cnicos y pr\u00e1cticos; otorgando todas las &#8230; <a title=\"Tecnicatura en Actuaci\u00f3n\" class=\"read-more\" href=\"https:\/\/etbblanca-bue.infd.edu.ar\/sitio\/tecnicatura-en-actuacion\/\" aria-label=\"More on Tecnicatura en Actuaci\u00f3n\">[+]<\/a><\/p>\n","protected":false},"author":148,"featured_media":0,"parent":0,"menu_order":0,"comment_status":"closed","ping_status":"closed","template":"","meta":[],"acf":[],"_links":{"self":[{"href":"https:\/\/etbblanca-bue.infd.edu.ar\/sitio\/wp-json\/wp\/v2\/pages\/782"}],"collection":[{"href":"https:\/\/etbblanca-bue.infd.edu.ar\/sitio\/wp-json\/wp\/v2\/pages"}],"about":[{"href":"https:\/\/etbblanca-bue.infd.edu.ar\/sitio\/wp-json\/wp\/v2\/types\/page"}],"author":[{"embeddable":true,"href":"https:\/\/etbblanca-bue.infd.edu.ar\/sitio\/wp-json\/wp\/v2\/users\/148"}],"replies":[{"embeddable":true,"href":"https:\/\/etbblanca-bue.infd.edu.ar\/sitio\/wp-json\/wp\/v2\/comments?post=782"}],"version-history":[{"count":2,"href":"https:\/\/etbblanca-bue.infd.edu.ar\/sitio\/wp-json\/wp\/v2\/pages\/782\/revisions"}],"predecessor-version":[{"id":894,"href":"https:\/\/etbblanca-bue.infd.edu.ar\/sitio\/wp-json\/wp\/v2\/pages\/782\/revisions\/894"}],"wp:attachment":[{"href":"https:\/\/etbblanca-bue.infd.edu.ar\/sitio\/wp-json\/wp\/v2\/media?parent=782"}],"curies":[{"name":"wp","href":"https:\/\/api.w.org\/{rel}","templated":true}]}}