{"id":773,"date":"2018-08-29T22:47:39","date_gmt":"2018-08-30T01:47:39","guid":{"rendered":"https:\/\/etbblanca-bue.infd.edu.ar\/sitio\/profesorado-de-teatro\/"},"modified":"2019-05-13T17:53:34","modified_gmt":"2019-05-13T20:53:34","slug":"profesorado-de-teatro","status":"publish","type":"page","link":"https:\/\/etbblanca-bue.infd.edu.ar\/sitio\/profesorado-de-teatro\/","title":{"rendered":"Profesorado de Teatro"},"content":{"rendered":"<blockquote><p><span style=\"color: #000099; font-family: verdana, geneva; font-size: medium;\"><strong>Programa de Formaci\u00f3n de Grado Docente<\/strong><\/span><\/p>\n<p><span style=\"font-size: medium;\"><span style=\"font-size: medium;\"><span style=\"font-size: medium;\"><span style=\"font-family: verdana, geneva; font-size: 10pt;\">Si tu vocaci\u00f3n es la docencia y el arte, el <strong>Profesorado de Teatro<\/strong>\u00a0 te permite disponer de las necesarias competencias en el manejo de los recursos t\u00e9cnicos e interpretativos, utiliz\u00e1ndolos creativamente con eficiencia en el ejercicio de la docencia teatral. Identificar las principales problem\u00e1ticas y desaf\u00edos de la ense\u00f1anza del teatro, planificar e implementar situaciones did\u00e1cticas variadas, comprendiendo los contenidos de la ense\u00f1anza del teatro, las caracter\u00edsticas evolutivas de los alumnos a cargo, respetando la diversidad de contextos. Asumir actitudes de compromiso y respeto por la diversidad cultural, la equidad social, la producci\u00f3n cooperativa y en equipo, valorando la importancia de las producciones art\u00edsticas teatrales propias y ajenas, para su contribuci\u00f3n a la construcci\u00f3n del mundo de la cultura.<\/span><br \/>\n<\/span><\/span><\/span><\/p>\n<p>&nbsp;<\/p>\n<p><span style=\"color: #000099; font-size: 10pt;\"><span style=\"font-family: verdana, geneva;\"><strong>El \u00e1mbito de trabajo del profesor de teatro se encuentra en:<\/strong><\/span><\/span><\/p>\n<p><span style=\"color: #000099; font-size: 10pt;\"><span style=\"color: #000099;\"><span style=\"color: #000000;\"><span style=\"font-family: verdana, geneva;\">&#8211;\u00a0 Escuelas p\u00fablicas y privadas<br \/>\n&#8211;\u00a0 Nivel Inicial, E.P.B, E.S.B, Polimodal y Superior<br \/>\n&#8211;\u00a0 Talleres p\u00fablicos y privados de Teatro<br \/>\n&#8211;\u00a0 Teatros<\/span><\/span><\/span><\/span><\/p>\n<p><span style=\"font-family: verdana, geneva; font-size: 10pt;\"><span style=\"color: #000099;\"><strong>T\u00cdTULO:<\/strong><\/span><\/span><\/p>\n<p><span style=\"font-family: verdana, geneva; font-size: 10pt;\">Profesor\/a de Teatro\u00a0<\/span><\/p>\n<p><span style=\"font-family: verdana, geneva; font-size: 10pt;\"><span style=\"color: #000099;\"><strong>DURACI\u00d3N:<\/strong><\/span> <\/span><\/p>\n<p><span style=\"font-family: verdana, geneva; font-size: 10pt;\"><span style=\"color: #000000;\">Un a\u00f1o de Formaci\u00f3n B\u00e1sica y\u00a0cuatro a\u00f1os de Carrera<\/span><\/span><\/p>\n<p style=\"text-align: left;\"><span style=\"font-size: 10pt;\"><strong><span style=\"color: #000099; font-family: verdana, geneva;\">REQUISITOS DE INGRESO:<\/span> <\/strong><\/span><\/p>\n<p><span style=\"font-size: 10pt;\"><span style=\"color: #000000;\"><span style=\"color: #000000; font-family: verdana, geneva;\"><span style=\"color: #000000;\">(A la Formaci\u00f3n B\u00e1sica) 5to A\u00f1o Nivel Secundario completo<br \/>\n(A la carrera) Formaci\u00f3n B\u00e1sica y Secundario completo<\/span><\/span><br \/>\n<\/span>\u00a0<\/span><\/p>\n<p><span style=\"color: #000099;\"><span style=\"color: #000099;\"><span style=\"color: #000099;\"><span style=\"color: #000000;\"><span style=\"color: #000000; font-size: small;\">\u201cLa carrera Profesorado de Artes en Teatro se puede cursar simult\u00e1neamente con la carrera Tecnicatura en Actuaci\u00f3n\u201d<\/span><strong><br \/>\n<\/strong><\/span><\/span><\/span><\/span><\/p>\n<blockquote><p>&nbsp;<\/p><\/blockquote>\n<\/blockquote>\n","protected":false},"excerpt":{"rendered":"<p>Programa de Formaci\u00f3n de Grado Docente Si tu vocaci\u00f3n es la docencia y el arte, el Profesorado de Teatro\u00a0 te permite disponer de las necesarias competencias en el manejo de los recursos t\u00e9cnicos e interpretativos, utiliz\u00e1ndolos creativamente con eficiencia en el ejercicio de la docencia teatral. Identificar las principales problem\u00e1ticas y desaf\u00edos de la ense\u00f1anza &#8230; <a title=\"Profesorado de Teatro\" class=\"read-more\" href=\"https:\/\/etbblanca-bue.infd.edu.ar\/sitio\/profesorado-de-teatro\/\" aria-label=\"More on Profesorado de Teatro\">[+]<\/a><\/p>\n","protected":false},"author":148,"featured_media":0,"parent":0,"menu_order":0,"comment_status":"closed","ping_status":"closed","template":"","meta":[],"acf":[],"_links":{"self":[{"href":"https:\/\/etbblanca-bue.infd.edu.ar\/sitio\/wp-json\/wp\/v2\/pages\/773"}],"collection":[{"href":"https:\/\/etbblanca-bue.infd.edu.ar\/sitio\/wp-json\/wp\/v2\/pages"}],"about":[{"href":"https:\/\/etbblanca-bue.infd.edu.ar\/sitio\/wp-json\/wp\/v2\/types\/page"}],"author":[{"embeddable":true,"href":"https:\/\/etbblanca-bue.infd.edu.ar\/sitio\/wp-json\/wp\/v2\/users\/148"}],"replies":[{"embeddable":true,"href":"https:\/\/etbblanca-bue.infd.edu.ar\/sitio\/wp-json\/wp\/v2\/comments?post=773"}],"version-history":[{"count":1,"href":"https:\/\/etbblanca-bue.infd.edu.ar\/sitio\/wp-json\/wp\/v2\/pages\/773\/revisions"}],"predecessor-version":[{"id":895,"href":"https:\/\/etbblanca-bue.infd.edu.ar\/sitio\/wp-json\/wp\/v2\/pages\/773\/revisions\/895"}],"wp:attachment":[{"href":"https:\/\/etbblanca-bue.infd.edu.ar\/sitio\/wp-json\/wp\/v2\/media?parent=773"}],"curies":[{"name":"wp","href":"https:\/\/api.w.org\/{rel}","templated":true}]}}