{"id":2577,"date":"2025-06-27T13:23:37","date_gmt":"2025-06-27T16:23:37","guid":{"rendered":"https:\/\/etbblanca-bue.infd.edu.ar\/sitio\/?page_id=2577"},"modified":"2025-06-27T13:26:05","modified_gmt":"2025-06-27T16:26:05","slug":"plan-de-prevencion-de-riesgos","status":"publish","type":"page","link":"https:\/\/etbblanca-bue.infd.edu.ar\/sitio\/plan-de-prevencion-de-riesgos\/","title":{"rendered":"Plan de Prevenci\u00f3n de Riesgos"},"content":{"rendered":"\n<figure class=\"wp-block-embed is-type-wp-embed is-provider-canva wp-block-embed-canva\"><div class=\"wp-block-embed__wrapper\">\n<iframe class=\"wp-embedded-content\" sandbox=\"allow-scripts\" security=\"restricted\" title=\"Plan de Prevenci\u00f3n de Riesgos 2025\" src=\"https:\/\/www.canva.com\/design\/DAGrj9xzPsc\/MdIHMUb160iEPiX6ld5i0A\/view?embed&#038;meta#?secret=Dp2YuFpJW2\" data-secret=\"Dp2YuFpJW2\" height=\"1000\" width=\"707\"><\/iframe>\n<\/div><figcaption class=\"wp-element-caption\"><a href=\"https:\/\/www.canva.com\/design\/DAGrj9xzPsc\/MdIHMUb160iEPiX6ld5i0A\/view?utm_content=DAGrj9xzPsc&amp;utm_campaign=designshare&amp;utm_medium=link2&amp;utm_source=uniquelinks&amp;utlId=hfd610613e6\" target=\"_blank\" rel=\"noreferrer noopener\">DESCARGAR<\/a><br><em>Para descargar, toc\u00e1 el enlace \u00abDESCARGAR\u00bb de ac\u00e1 arriba y en la nueva p\u00e1gina que se abre, hac\u00e9 clic en el bot\u00f3n &lt;Compartir> en la esquina superior derecha; y luego en el bot\u00f3n &lt;Descargar>. All\u00ed eleg\u00ed el tipo de archivo que prefieras, por ejemplo PDF y por \u00faltimo toc\u00e1 en el bot\u00f3n &lt;Descargar><\/em><\/figcaption><\/figure>\n","protected":false},"excerpt":{"rendered":"","protected":false},"author":1570,"featured_media":0,"parent":0,"menu_order":0,"comment_status":"closed","ping_status":"closed","template":"","meta":[],"acf":[],"_links":{"self":[{"href":"https:\/\/etbblanca-bue.infd.edu.ar\/sitio\/wp-json\/wp\/v2\/pages\/2577"}],"collection":[{"href":"https:\/\/etbblanca-bue.infd.edu.ar\/sitio\/wp-json\/wp\/v2\/pages"}],"about":[{"href":"https:\/\/etbblanca-bue.infd.edu.ar\/sitio\/wp-json\/wp\/v2\/types\/page"}],"author":[{"embeddable":true,"href":"https:\/\/etbblanca-bue.infd.edu.ar\/sitio\/wp-json\/wp\/v2\/users\/1570"}],"replies":[{"embeddable":true,"href":"https:\/\/etbblanca-bue.infd.edu.ar\/sitio\/wp-json\/wp\/v2\/comments?post=2577"}],"version-history":[{"count":2,"href":"https:\/\/etbblanca-bue.infd.edu.ar\/sitio\/wp-json\/wp\/v2\/pages\/2577\/revisions"}],"predecessor-version":[{"id":2580,"href":"https:\/\/etbblanca-bue.infd.edu.ar\/sitio\/wp-json\/wp\/v2\/pages\/2577\/revisions\/2580"}],"wp:attachment":[{"href":"https:\/\/etbblanca-bue.infd.edu.ar\/sitio\/wp-json\/wp\/v2\/media?parent=2577"}],"curies":[{"name":"wp","href":"https:\/\/api.w.org\/{rel}","templated":true}]}}