{"id":2060,"date":"2024-04-18T14:15:39","date_gmt":"2024-04-18T17:15:39","guid":{"rendered":"https:\/\/etbblanca-bue.infd.edu.ar\/sitio\/?page_id=2060"},"modified":"2026-04-06T19:56:46","modified_gmt":"2026-04-06T22:56:46","slug":"planillas-docentes","status":"publish","type":"page","link":"https:\/\/etbblanca-bue.infd.edu.ar\/sitio\/planillas-docentes\/","title":{"rendered":"Constancias y planillas"},"content":{"rendered":"\n<ul>\n<li><a href=\"https:\/\/docs.google.com\/document\/d\/12XTMvjL40vL0IDfBidFUcplppFqHuA14\/edit?usp=sharing&amp;ouid=113658019181127189985&amp;rtpof=true&amp;sd=true\">Acta toma de posesi\u00f3n<\/a><\/li>\n\n\n\n<li><a href=\"https:\/\/drive.google.com\/file\/d\/1DvZKN269XWq9Fc7nMuAEr6-jsJMhhvig\/view?usp=sharing\" target=\"_blank\" rel=\"noreferrer noopener\">Declaraci\u00f3n jurada de cargos<\/a><\/li>\n\n\n\n<li><a href=\"https:\/\/drive.google.com\/file\/d\/1pBzBMmVuIfGt_Yt-MyrSnbIIYfCuOfst\/view?usp=sharing\">Formulario Licencias 114-115<\/a><\/li>\n\n\n\n<li><a href=\"https:\/\/docs.google.com\/document\/d\/1ZDq3xlPZ-b9zY9ZuDlFx8-hB1qKEguPu\/edit?usp=sharing&amp;ouid=113658019181127189985&amp;rtpof=true&amp;sd=true\">Formulario 114o4<\/a><\/li>\n\n\n\n<li><a href=\"https:\/\/docs.google.com\/document\/d\/1TEHK4UO8FnT4qkfDp_m6N3g9WH5GwB60\/edit?usp=sharing&amp;ouid=113658019181127189985&amp;rtpof=true&amp;sd=true\">Planilla IOMA<\/a><\/li>\n\n\n\n<li><a href=\"https:\/\/docs.google.com\/document\/d\/14eNpq-0QayCR2IGZBZYxIVFsJy1RlNJe\/edit?usp=sharing&amp;ouid=113658019181127189985&amp;rtpof=true&amp;sd=true\">Set 4<\/a><\/li>\n\n\n\n<li><a href=\"https:\/\/docs.google.com\/document\/d\/19FC47TbLnKbod8JOEX2bQlQguwJ3tg8V\/edit?usp=sharing&amp;ouid=113658019181127189985&amp;rtpof=true&amp;sd=true\" target=\"_blank\" rel=\"noreferrer noopener\">Modelo \u00fanico de planificaci\u00f3n<\/a><\/li>\n<\/ul>\n\n\n\n<h2 class=\"wp-block-heading\">Salidas educativas<\/h2>\n\n\n\n<p>\u00bfQu\u00e9 es una salida educativa?<\/p>\n\n\n\n<p>Las salidas educativas y de representaci\u00f3n institucional constituyen actividades pedag\u00f3gicas que permiten a las y los estudiantes tomar contacto directo con distintos contextos fuera del edificio escolar, dando lugar a situaciones educativas que favorecen la construcci\u00f3n de nuevos conocimientos, fortalecen los procesos de ense\u00f1anza y de aprendizaje y brindan una oportunidad para la apropiaci\u00f3n y profundizaci\u00f3n de los contenidos curriculares a partir de experiencias significativas y espec\u00edficas. El\/la docente traslada y reconstruye su espacio \u00e1ulico en el \u00e1mbito de la salida educativa.<\/p>\n\n\n\n<p>Tanto las salidas educativas como las salidas de representaci\u00f3n institucional tienen una finalidad pedag\u00f3gica, deben ser la resultante de una propuesta did\u00e1ctica enmarcada en el proyecto institucional, que el\/la docente ha considerado como un escenario \u00f3ptimo para la formaci\u00f3n de la autonom\u00eda, creatividad y sentido cr\u00edtico de las y los estudiantes.<\/p>\n\n\n\n<p class=\"has-contrast-2-color has-text-color\"><em>(Procedimiento: descargar el archivo, completarlo y luego enviarlo en formato word a la casila de correo de la escuela)<\/em><\/p>\n\n\n\n<ul>\n<li><a href=\"https:\/\/drive.google.com\/file\/d\/1Ntfgw7vDYDB2VASi8HMAv2tBtqZ2cqjm\/view?usp=sharing\" target=\"_blank\" rel=\"noreferrer noopener\">Normativa<\/a><\/li>\n\n\n\n<li><a href=\"https:\/\/drive.google.com\/file\/d\/1UtTUrGFFV6r9dx6fYWwTnhhp9U8cL1y4\/view?usp=sharing\" target=\"_blank\" rel=\"noreferrer noopener\">ANEXO 1<\/a> &#8211; Requisitos generales<\/li>\n\n\n\n<li><a href=\"https:\/\/drive.google.com\/file\/d\/1Fgg7gHdgIYb1ORkGCSViHctlf34aiQ1f\/view?usp=sharing\" target=\"_blank\" rel=\"noreferrer noopener\">ANEXO 2<\/a> &#8211; Plazos de presentaci\u00f3n de los proyectos y responsables<\/li>\n\n\n\n<li><a href=\"https:\/\/drive.google.com\/file\/d\/1BzjWSTsNYZPR0lTBzx1RQMO5wUskLj8Z\/view?usp=sharing\" target=\"_blank\" rel=\"noreferrer noopener\">ANEXO 3<\/a> &#8211; Autorizaci\u00f3n general para actividades durante el ciclo lectivo<\/li>\n\n\n\n<li><a href=\"https:\/\/docs.google.com\/document\/d\/1JWcBNywareQbH0Guzz5tKPZegP-BR0mK\/edit?usp=drive_link&amp;ouid=116143206747956682838&amp;rtpof=true&amp;sd=true\" target=\"_blank\" rel=\"noreferrer noopener\">ANEXO 4<\/a> &#8211; Formulario de itinerario, actividades, objetivos y cronograma<\/li>\n\n\n\n<li><a href=\"https:\/\/docs.google.com\/document\/d\/1ThrrZmW2U6ePSdhBOt7n6RIkFApx1t49\/edit?usp=drive_link&amp;ouid=116143206747956682838&amp;rtpof=true&amp;sd=true\" target=\"_blank\" rel=\"noreferrer noopener\">ANEXO 5<\/a> &#8211; Planilla de estudiantes y acompa\u00f1antes planilla de asistencia.<\/li>\n\n\n\n<li><a href=\"https:\/\/docs.google.com\/document\/d\/1LdevijRm0n5kfDsYoLcI7yA0RDmYUZ5y\/edit?usp=drive_link&amp;ouid=116143206747956682838&amp;rtpof=true&amp;sd=true\" target=\"_blank\" rel=\"noreferrer noopener\">ANEXO 6<\/a> &#8211; Salida educativa (estudiantes con menos de 18 a\u00f1os de edad)<\/li>\n\n\n\n<li><a href=\"https:\/\/drive.google.com\/file\/d\/1A9CqT8800OofhAx8quz2r5r_qbPKMD73\/view?usp=sharing\" target=\"_blank\" rel=\"noreferrer noopener\">ANEXO 7<\/a> &#8211; Estudiante mayor de 18 a\u00f1os o emancipado<\/li>\n\n\n\n<li><a href=\"https:\/\/docs.google.com\/document\/d\/1UnZ7gCtDN1bUiO2NFG3ZC_q2zNO-yIYk\/edit?usp=drive_link&amp;ouid=116143206747956682838&amp;rtpof=true&amp;sd=true\" target=\"_blank\" rel=\"noreferrer noopener\">ANEXO 8<\/a> &#8211; Planilla informe de transporte a contratar <\/li>\n\n\n\n<li><a href=\"https:\/\/docs.google.com\/document\/d\/1NfYpJ2aazdHfnxCZv7nte0OKF7HcCgNJ\/edit?usp=drive_link&amp;ouid=116143206747956682838&amp;rtpof=true&amp;sd=true\" target=\"_blank\" rel=\"noreferrer noopener\">ANEXO 9<\/a> &#8211; Declaraci\u00f3n de directivos y\/o representantes legales<\/li>\n<\/ul>\n","protected":false},"excerpt":{"rendered":"<p>Salidas educativas \u00bfQu\u00e9 es una salida educativa? Las salidas educativas y de representaci\u00f3n institucional constituyen actividades pedag\u00f3gicas que permiten a las y los estudiantes tomar contacto directo con distintos contextos fuera del edificio escolar, dando lugar a situaciones educativas que favorecen la construcci\u00f3n de nuevos conocimientos, fortalecen los procesos de ense\u00f1anza y de aprendizaje y &#8230; <a title=\"Constancias y planillas\" class=\"read-more\" href=\"https:\/\/etbblanca-bue.infd.edu.ar\/sitio\/planillas-docentes\/\" aria-label=\"More on Constancias y planillas\">[+]<\/a><\/p>\n","protected":false},"author":1570,"featured_media":0,"parent":0,"menu_order":0,"comment_status":"closed","ping_status":"closed","template":"","meta":[],"acf":[],"_links":{"self":[{"href":"https:\/\/etbblanca-bue.infd.edu.ar\/sitio\/wp-json\/wp\/v2\/pages\/2060"}],"collection":[{"href":"https:\/\/etbblanca-bue.infd.edu.ar\/sitio\/wp-json\/wp\/v2\/pages"}],"about":[{"href":"https:\/\/etbblanca-bue.infd.edu.ar\/sitio\/wp-json\/wp\/v2\/types\/page"}],"author":[{"embeddable":true,"href":"https:\/\/etbblanca-bue.infd.edu.ar\/sitio\/wp-json\/wp\/v2\/users\/1570"}],"replies":[{"embeddable":true,"href":"https:\/\/etbblanca-bue.infd.edu.ar\/sitio\/wp-json\/wp\/v2\/comments?post=2060"}],"version-history":[{"count":14,"href":"https:\/\/etbblanca-bue.infd.edu.ar\/sitio\/wp-json\/wp\/v2\/pages\/2060\/revisions"}],"predecessor-version":[{"id":2728,"href":"https:\/\/etbblanca-bue.infd.edu.ar\/sitio\/wp-json\/wp\/v2\/pages\/2060\/revisions\/2728"}],"wp:attachment":[{"href":"https:\/\/etbblanca-bue.infd.edu.ar\/sitio\/wp-json\/wp\/v2\/media?parent=2060"}],"curies":[{"name":"wp","href":"https:\/\/api.w.org\/{rel}","templated":true}]}}