{"id":1597,"date":"2022-11-03T16:33:47","date_gmt":"2022-11-03T19:33:47","guid":{"rendered":"https:\/\/etbblanca-bue.infd.edu.ar\/sitio\/?page_id=1597"},"modified":"2026-02-25T15:16:13","modified_gmt":"2026-02-25T18:16:13","slug":"inscripciones","status":"publish","type":"page","link":"https:\/\/etbblanca-bue.infd.edu.ar\/sitio\/inscripciones\/","title":{"rendered":"Pre-inscripci\u00f3n ingresantes"},"content":{"rendered":"\n<p class=\"has-text-align-left has-x-large-font-size\" style=\"font-style:normal;font-weight:700\"><strong>202<\/strong>6<\/p>\n\n\n\n<p><strong><em>Educaci\u00f3n p\u00fablica y gratuita<\/em><\/strong><\/p>\n\n\n\n<p>Eleg\u00ed la carrera y hac\u00e9 click para realizar la pre-inscripci\u00f3n online.<\/p>\n\n\n\n<p>La<strong><mark style=\"background-color:rgba(0, 0, 0, 0);color:#002cf5\" class=\"has-inline-color\"> confirmaci\u00f3n de la inscripci\u00f3n con entrega de documentaci\u00f3n <\/mark><\/strong>se realizar\u00e1 en las siguientes fechas:<\/p>\n\n\n\n<ul>\n<li><strong>Teatro para adolescentes<\/strong>: Mi\u00e9rcoles 18\/2 &#8211; de 15 a 18 hs.<\/li>\n\n\n\n<li><strong>Tecnicatura en actuaci\u00f3n<\/strong> y <strong>Profesorado de Teatro<\/strong>: Jueves 19\/2 de 9 a 12 hs. y de 15 a 18 hs.<\/li>\n\n\n\n<li><strong>Tecnicaturas<\/strong> en <strong>Dise\u00f1o de producci\u00f3n de espect\u00e1culos<\/strong>, <strong>Escenograf\u00eda<\/strong>, <strong>Iluminaci\u00f3n<\/strong> y <strong>Maquillaje<\/strong>: Viernes 20\/2 de 15 a 18 hs.<\/li>\n<\/ul>\n\n\n\n<p class=\"has-text-color\" style=\"color:#002cf5\">Horarios de <strong>reuniones informativas<\/strong>:<\/p>\n\n\n\n<ul>\n<li><strong>Teatro para adolescentes<\/strong>: Martes 2\/3 a las 16 hs.<\/li>\n\n\n\n<li><strong>Tecnicatura en actuaci\u00f3n<\/strong> y <strong>Profesorado de Teatro<\/strong>: Martes 2\/3 a las 14 hs.<\/li>\n\n\n\n<li><strong>Tecnicaturas<\/strong> en <strong>Dise\u00f1o de producci\u00f3n de espect\u00e1culos<\/strong>, <strong>Escenograf\u00eda<\/strong>, <strong>Iluminaci\u00f3n<\/strong> y <strong>Maquillaje<\/strong>: Martes 2\/3 a las 18 hs.<\/li>\n<\/ul>\n\n\n\n<figure class=\"wp-block-gallery has-nested-images columns-default is-cropped wp-block-gallery-1 is-layout-flex\">\n<figure class=\"wp-block-image size-full\"><img decoding=\"async\" loading=\"lazy\" width=\"1080\" height=\"1080\" data-id=\"1930\"  src=\"https:\/\/etbblanca-bue.infd.edu.ar\/sitio\/wp-content\/uploads\/2023\/10\/Inscripcion-Iluminacion.png\" alt=\"\" class=\"wp-image-1930\" srcset=\"https:\/\/etbblanca-bue.infd.edu.ar\/sitio\/wp-content\/uploads\/2023\/10\/Inscripcion-Iluminacion.png 1080w, https:\/\/etbblanca-bue.infd.edu.ar\/sitio\/wp-content\/uploads\/2023\/10\/Inscripcion-Iluminacion-1000x1000.png 1000w, https:\/\/etbblanca-bue.infd.edu.ar\/sitio\/wp-content\/uploads\/2023\/10\/Inscripcion-Iluminacion-500x500.png 500w, https:\/\/etbblanca-bue.infd.edu.ar\/sitio\/wp-content\/uploads\/2023\/10\/Inscripcion-Iluminacion-768x768.png 768w\" sizes=\"(max-width: 1080px) 100vw, 1080px\" \/><figcaption class=\"wp-element-caption\"><a href=\"https:\/\/forms.gle\/hGk4YrBcWr6M5GsX7\" target=\"_blank\" rel=\"noreferrer noopener\">Formulario de inscripci\u00f3n<\/a><\/figcaption><\/figure>\n\n\n\n<figure class=\"wp-block-image size-full\"><img decoding=\"async\" loading=\"lazy\" width=\"1080\" height=\"1080\" data-id=\"1929\"  src=\"https:\/\/etbblanca-bue.infd.edu.ar\/sitio\/wp-content\/uploads\/2023\/10\/Inscripcion-Escenografia.png\" alt=\"\" class=\"wp-image-1929\" srcset=\"https:\/\/etbblanca-bue.infd.edu.ar\/sitio\/wp-content\/uploads\/2023\/10\/Inscripcion-Escenografia.png 1080w, https:\/\/etbblanca-bue.infd.edu.ar\/sitio\/wp-content\/uploads\/2023\/10\/Inscripcion-Escenografia-1000x1000.png 1000w, https:\/\/etbblanca-bue.infd.edu.ar\/sitio\/wp-content\/uploads\/2023\/10\/Inscripcion-Escenografia-500x500.png 500w, https:\/\/etbblanca-bue.infd.edu.ar\/sitio\/wp-content\/uploads\/2023\/10\/Inscripcion-Escenografia-768x768.png 768w\" sizes=\"(max-width: 1080px) 100vw, 1080px\" \/><figcaption class=\"wp-element-caption\"><a href=\"https:\/\/forms.gle\/hGk4YrBcWr6M5GsX7\" target=\"_blank\" rel=\"noreferrer noopener\">Formulario de inscripci\u00f3n<\/a><\/figcaption><\/figure>\n\n\n\n<figure class=\"wp-block-image size-full\"><img decoding=\"async\" loading=\"lazy\" width=\"1080\" height=\"1080\" data-id=\"1931\"  src=\"https:\/\/etbblanca-bue.infd.edu.ar\/sitio\/wp-content\/uploads\/2023\/10\/Inscripcion-Maquillaje.png\" alt=\"\" class=\"wp-image-1931\" srcset=\"https:\/\/etbblanca-bue.infd.edu.ar\/sitio\/wp-content\/uploads\/2023\/10\/Inscripcion-Maquillaje.png 1080w, https:\/\/etbblanca-bue.infd.edu.ar\/sitio\/wp-content\/uploads\/2023\/10\/Inscripcion-Maquillaje-1000x1000.png 1000w, https:\/\/etbblanca-bue.infd.edu.ar\/sitio\/wp-content\/uploads\/2023\/10\/Inscripcion-Maquillaje-500x500.png 500w, https:\/\/etbblanca-bue.infd.edu.ar\/sitio\/wp-content\/uploads\/2023\/10\/Inscripcion-Maquillaje-768x768.png 768w\" sizes=\"(max-width: 1080px) 100vw, 1080px\" \/><figcaption class=\"wp-element-caption\"><a href=\"https:\/\/forms.gle\/hGk4YrBcWr6M5GsX7\" target=\"_blank\" rel=\"noreferrer noopener\">Formulario de inscripci\u00f3n<\/a><\/figcaption><\/figure>\n\n\n\n<figure class=\"wp-block-image size-full\"><img decoding=\"async\" loading=\"lazy\" width=\"1080\" height=\"1080\" data-id=\"1934\"  src=\"https:\/\/etbblanca-bue.infd.edu.ar\/sitio\/wp-content\/uploads\/2023\/10\/Inscripcion-Diseno.png\" alt=\"\" class=\"wp-image-1934\" srcset=\"https:\/\/etbblanca-bue.infd.edu.ar\/sitio\/wp-content\/uploads\/2023\/10\/Inscripcion-Diseno.png 1080w, https:\/\/etbblanca-bue.infd.edu.ar\/sitio\/wp-content\/uploads\/2023\/10\/Inscripcion-Diseno-1000x1000.png 1000w, https:\/\/etbblanca-bue.infd.edu.ar\/sitio\/wp-content\/uploads\/2023\/10\/Inscripcion-Diseno-500x500.png 500w, https:\/\/etbblanca-bue.infd.edu.ar\/sitio\/wp-content\/uploads\/2023\/10\/Inscripcion-Diseno-768x768.png 768w\" sizes=\"(max-width: 1080px) 100vw, 1080px\" \/><figcaption class=\"wp-element-caption\"><a href=\"https:\/\/forms.gle\/hGk4YrBcWr6M5GsX7\" target=\"_blank\" rel=\"noreferrer noopener\">Formulario de inscripci\u00f3n<\/a><\/figcaption><\/figure>\n\n\n\n<figure class=\"wp-block-image size-full\"><img decoding=\"async\" loading=\"lazy\" width=\"1080\" height=\"1080\" data-id=\"1933\"  src=\"https:\/\/etbblanca-bue.infd.edu.ar\/sitio\/wp-content\/uploads\/2023\/10\/Inscripcion-Tecnicatura.png\" alt=\"\" class=\"wp-image-1933\" srcset=\"https:\/\/etbblanca-bue.infd.edu.ar\/sitio\/wp-content\/uploads\/2023\/10\/Inscripcion-Tecnicatura.png 1080w, https:\/\/etbblanca-bue.infd.edu.ar\/sitio\/wp-content\/uploads\/2023\/10\/Inscripcion-Tecnicatura-1000x1000.png 1000w, https:\/\/etbblanca-bue.infd.edu.ar\/sitio\/wp-content\/uploads\/2023\/10\/Inscripcion-Tecnicatura-500x500.png 500w, https:\/\/etbblanca-bue.infd.edu.ar\/sitio\/wp-content\/uploads\/2023\/10\/Inscripcion-Tecnicatura-768x768.png 768w\" sizes=\"(max-width: 1080px) 100vw, 1080px\" \/><figcaption class=\"wp-element-caption\"><a href=\"https:\/\/forms.gle\/AGhajMzotk4Tc9Sh8\" target=\"_blank\" rel=\"noreferrer noopener\">Formulario de inscripci\u00f3n<\/a><\/figcaption><\/figure>\n\n\n\n<figure class=\"wp-block-image size-full\"><img decoding=\"async\" loading=\"lazy\" width=\"1080\" height=\"1080\" data-id=\"1932\"  src=\"https:\/\/etbblanca-bue.infd.edu.ar\/sitio\/wp-content\/uploads\/2023\/10\/Inscripcion-Profesorado.png\" alt=\"\" class=\"wp-image-1932\" srcset=\"https:\/\/etbblanca-bue.infd.edu.ar\/sitio\/wp-content\/uploads\/2023\/10\/Inscripcion-Profesorado.png 1080w, https:\/\/etbblanca-bue.infd.edu.ar\/sitio\/wp-content\/uploads\/2023\/10\/Inscripcion-Profesorado-1000x1000.png 1000w, https:\/\/etbblanca-bue.infd.edu.ar\/sitio\/wp-content\/uploads\/2023\/10\/Inscripcion-Profesorado-500x500.png 500w, https:\/\/etbblanca-bue.infd.edu.ar\/sitio\/wp-content\/uploads\/2023\/10\/Inscripcion-Profesorado-768x768.png 768w\" sizes=\"(max-width: 1080px) 100vw, 1080px\" \/><figcaption class=\"wp-element-caption\"><a href=\"https:\/\/forms.gle\/AGhajMzotk4Tc9Sh8\" target=\"_blank\" rel=\"noreferrer noopener\">Formulario de inscripci\u00f3n<\/a><\/figcaption><\/figure>\n\n\n\n<figure class=\"wp-block-image size-full\"><img decoding=\"async\" loading=\"lazy\" width=\"1080\" height=\"1080\" data-id=\"1935\"  src=\"https:\/\/etbblanca-bue.infd.edu.ar\/sitio\/wp-content\/uploads\/2023\/10\/Inscripcion-Adolescentes.png\" alt=\"\" class=\"wp-image-1935\" srcset=\"https:\/\/etbblanca-bue.infd.edu.ar\/sitio\/wp-content\/uploads\/2023\/10\/Inscripcion-Adolescentes.png 1080w, https:\/\/etbblanca-bue.infd.edu.ar\/sitio\/wp-content\/uploads\/2023\/10\/Inscripcion-Adolescentes-1000x1000.png 1000w, https:\/\/etbblanca-bue.infd.edu.ar\/sitio\/wp-content\/uploads\/2023\/10\/Inscripcion-Adolescentes-500x500.png 500w, https:\/\/etbblanca-bue.infd.edu.ar\/sitio\/wp-content\/uploads\/2023\/10\/Inscripcion-Adolescentes-768x768.png 768w\" sizes=\"(max-width: 1080px) 100vw, 1080px\" \/><figcaption class=\"wp-element-caption\"><a href=\"https:\/\/forms.gle\/ZA8JHSszkbmHPY9c9\" target=\"_blank\" rel=\"noreferrer noopener\">Formulario de inscripci\u00f3<\/a><a rel=\"noreferrer noopener\" href=\"https:\/\/forms.gle\/NimoeTMSx8yDncaN6\" target=\"_blank\">n<\/a><\/figcaption><\/figure>\n\n\n\n<figure class=\"wp-block-image size-large\"><img decoding=\"async\" loading=\"lazy\" width=\"1080\" height=\"1080\" data-id=\"1614\"  src=\"https:\/\/etbblanca-bue.infd.edu.ar\/sitio\/wp-content\/uploads\/2022\/11\/Inscripcion-vacia.png\" alt=\"\" class=\"wp-image-1614\" srcset=\"https:\/\/etbblanca-bue.infd.edu.ar\/sitio\/wp-content\/uploads\/2022\/11\/Inscripcion-vacia.png 1080w, https:\/\/etbblanca-bue.infd.edu.ar\/sitio\/wp-content\/uploads\/2022\/11\/Inscripcion-vacia-1000x1000.png 1000w, https:\/\/etbblanca-bue.infd.edu.ar\/sitio\/wp-content\/uploads\/2022\/11\/Inscripcion-vacia-500x500.png 500w, https:\/\/etbblanca-bue.infd.edu.ar\/sitio\/wp-content\/uploads\/2022\/11\/Inscripcion-vacia-768x768.png 768w\" sizes=\"(max-width: 1080px) 100vw, 1080px\" \/><\/figure>\n\n\n\n<figure class=\"wp-block-image size-large\"><img decoding=\"async\" loading=\"lazy\" width=\"1080\" height=\"1080\" data-id=\"1615\"  src=\"https:\/\/etbblanca-bue.infd.edu.ar\/sitio\/wp-content\/uploads\/2022\/11\/Inscripcion-vacia-1.png\" alt=\"\" class=\"wp-image-1615\" srcset=\"https:\/\/etbblanca-bue.infd.edu.ar\/sitio\/wp-content\/uploads\/2022\/11\/Inscripcion-vacia-1.png 1080w, https:\/\/etbblanca-bue.infd.edu.ar\/sitio\/wp-content\/uploads\/2022\/11\/Inscripcion-vacia-1-1000x1000.png 1000w, https:\/\/etbblanca-bue.infd.edu.ar\/sitio\/wp-content\/uploads\/2022\/11\/Inscripcion-vacia-1-500x500.png 500w, https:\/\/etbblanca-bue.infd.edu.ar\/sitio\/wp-content\/uploads\/2022\/11\/Inscripcion-vacia-1-768x768.png 768w\" sizes=\"(max-width: 1080px) 100vw, 1080px\" \/><\/figure>\n<\/figure>\n\n\n\n<p><\/p>\n","protected":false},"excerpt":{"rendered":"<p>2026 Educaci\u00f3n p\u00fablica y gratuita Eleg\u00ed la carrera y hac\u00e9 click para realizar la pre-inscripci\u00f3n online. La confirmaci\u00f3n de la inscripci\u00f3n con entrega de documentaci\u00f3n se realizar\u00e1 en las siguientes fechas: Horarios de reuniones informativas:<\/p>\n","protected":false},"author":208,"featured_media":0,"parent":0,"menu_order":0,"comment_status":"closed","ping_status":"closed","template":"","meta":[],"acf":[],"_links":{"self":[{"href":"https:\/\/etbblanca-bue.infd.edu.ar\/sitio\/wp-json\/wp\/v2\/pages\/1597"}],"collection":[{"href":"https:\/\/etbblanca-bue.infd.edu.ar\/sitio\/wp-json\/wp\/v2\/pages"}],"about":[{"href":"https:\/\/etbblanca-bue.infd.edu.ar\/sitio\/wp-json\/wp\/v2\/types\/page"}],"author":[{"embeddable":true,"href":"https:\/\/etbblanca-bue.infd.edu.ar\/sitio\/wp-json\/wp\/v2\/users\/208"}],"replies":[{"embeddable":true,"href":"https:\/\/etbblanca-bue.infd.edu.ar\/sitio\/wp-json\/wp\/v2\/comments?post=1597"}],"version-history":[{"count":26,"href":"https:\/\/etbblanca-bue.infd.edu.ar\/sitio\/wp-json\/wp\/v2\/pages\/1597\/revisions"}],"predecessor-version":[{"id":2677,"href":"https:\/\/etbblanca-bue.infd.edu.ar\/sitio\/wp-json\/wp\/v2\/pages\/1597\/revisions\/2677"}],"wp:attachment":[{"href":"https:\/\/etbblanca-bue.infd.edu.ar\/sitio\/wp-json\/wp\/v2\/media?parent=1597"}],"curies":[{"name":"wp","href":"https:\/\/api.w.org\/{rel}","templated":true}]}}