{"id":1525,"date":"2022-05-27T15:07:07","date_gmt":"2022-05-27T18:07:07","guid":{"rendered":"https:\/\/etbblanca-bue.infd.edu.ar\/sitio\/?page_id=1525"},"modified":"2026-03-17T20:14:42","modified_gmt":"2026-03-17T23:14:42","slug":"equivalencias-2","status":"publish","type":"page","link":"https:\/\/etbblanca-bue.infd.edu.ar\/sitio\/equivalencias-2\/","title":{"rendered":"Equivalencias"},"content":{"rendered":"\n<p class=\"has-medium-font-size\"><strong>SOLICITUD DE EQUIVALENCIAS<\/strong><\/p>\n\n\n\n<p>Se podr\u00e1n acreditar unidades curriculares mediante el r\u00e9gimen de equivalencia. La equivalencia de UC <strong>podr\u00e1 ser completa o parcial<\/strong>. En ambos casos se ponderan los <strong>saberes acreditados en carreras del nivel superior reconocidas<\/strong>. Para unidades curriculares con la misma denominaci\u00f3n y contenidos seg\u00fan dise\u00f1os curriculares vigentes de la jurisdicci\u00f3n, se otorgar\u00e1 equivalencia autom\u00e1tica y la o el estudiante solamente deber\u00e1 presentar solicitud por escrito (<a rel=\"noreferrer noopener\" href=\"https:\/\/forms.gle\/RHvv9Vox7LTqHTj79\" target=\"_blank\">formulario web<\/a>). En el caso de que provenga de otra instituci\u00f3n se debe adjuntar el certificado anal\u00edtico correspondiente.<\/p>\n\n\n\n<p>Una vez cumplimentados todos los pasos, se comunicar\u00e1 mediante la planilla <a href=\"#resumen-equivalencias\" data-type=\"internal\" data-id=\"#resumen-equivalencias\">Resumen de Equivalencias<\/a> 2026 en la pagina web de nuestra Escuela.<\/p>\n\n\n\n<p><strong>IMPORTANTE<\/strong>: Leer las pautas de llenado de formulario. Los pedidos con informaci\u00f3n incorrecta se consideraran desestimados.<\/p>\n\n\n\n<div class=\"wp-block-buttons is-vertical is-layout-flex wp-container-1\">\n<div class=\"wp-block-button\"><a class=\"wp-block-button__link has-background wp-element-button\" href=\"https:\/\/forms.gle\/RHvv9Vox7LTqHTj79\" style=\"border-radius:13px;background-color:#6b0fa1\" target=\"_blank\" rel=\"noreferrer noopener\">Formulario de solicitud de equivalencia<\/a><\/div>\n\n\n\n<div class=\"wp-block-button\"><a class=\"wp-block-button__link has-background wp-element-button\" href=\"https:\/\/etbblanca-bue.infd.edu.ar\/sitio\/wp-content\/uploads\/2025\/12\/PLANILLA-SOLICITUD-DE-EQUIVALENCIAS-INTERNAS-pdf.pdf\" style=\"border-radius:13px;background-color:#6b0fa1\" target=\"_blank\" rel=\"noreferrer noopener\">Planilla de solicitud de equivalencias internas<\/a><\/div>\n<\/div>\n\n\n\n<div style=\"height:40px\" aria-hidden=\"true\" class=\"wp-block-spacer\"><\/div>\n\n\n\n<p class=\"has-medium-font-size\" id=\"resumen-equivalencias\"><strong>PLANILLAS RESUMEN DE EQUIVALENCIAS<\/strong><\/p>\n\n\n\n<p>Para ver los resultados de las equivalencias 2026: <a href=\"https:\/\/docs.google.com\/document\/d\/1TlLHbNEzAlAAFfuEbvymn5HKWgmiDwKY\/edit\" target=\"_blank\" rel=\"noreferrer noopener\">Equivalencias 2026<\/a><br>Para ver los resultados de las equivalencias 2025: <a href=\"https:\/\/docs.google.com\/document\/d\/1z5kiLdoH2PfvNnW2c2elNiYlwd4Z-Jos\/edit?usp=sharing&amp;ouid=102542484121280708178&amp;rtpof=true&amp;sd=true\">Equivalencias 2025<\/a><br>Para ver los resultados de las equivalencias 2024: <a href=\"https:\/\/docs.google.com\/document\/d\/1EiJmB54mDWS6alOSDLR9ayBw-vtY3q3q\/edit?usp=sharing&amp;ouid=102542484121280708178&amp;rtpof=true&amp;sd=true\" data-type=\"URL\" data-id=\"https:\/\/etbblanca-bue.infd.edu.ar\/sitio\/wp-content\/uploads\/2024\/04\/regimen-academico-2024-1.pdf\">Equivalencias 2024<\/a><br>Para ver los resultados de las equivalencias 2023: <a rel=\"noreferrer noopener\" href=\"https:\/\/docs.google.com\/document\/d\/1XMi3q-r-zseq_8sggcp5MPBovYfQKzvo\/edit\" target=\"_blank\">Equivalencias 2023<\/a><br>Para ver los resultados de las equivalencias 2022: <a rel=\"noreferrer noopener\" href=\"https:\/\/docs.google.com\/document\/d\/1Lte5rD2koEMR3t-nBz1kBP2SZGmWmlBn\/edit?usp=sharing&amp;ouid=102542484121280708178&amp;rtpof=true&amp;sd=true\" data-type=\"URL\" data-id=\"https:\/\/docs.google.com\/document\/d\/1Lte5rD2koEMR3t-nBz1kBP2SZGmWmlBn\/edit?usp=sharing&amp;ouid=102542484121280708178&amp;rtpof=true&amp;sd=true\" target=\"_blank\">Equivalencias 2022<\/a><\/p>\n\n\n\n<p>Para <strong>consultas<\/strong> dirigirse al mail: jefaturadeareateatro04@gmail.com<\/p>\n","protected":false},"excerpt":{"rendered":"<p>SOLICITUD DE EQUIVALENCIAS Se podr\u00e1n acreditar unidades curriculares mediante el r\u00e9gimen de equivalencia. La equivalencia de UC podr\u00e1 ser completa o parcial. En ambos casos se ponderan los saberes acreditados en carreras del nivel superior reconocidas. Para unidades curriculares con la misma denominaci\u00f3n y contenidos seg\u00fan dise\u00f1os curriculares vigentes de la jurisdicci\u00f3n, se otorgar\u00e1 equivalencia &#8230; <a title=\"Equivalencias\" class=\"read-more\" href=\"https:\/\/etbblanca-bue.infd.edu.ar\/sitio\/equivalencias-2\/\" aria-label=\"More on Equivalencias\">[+]<\/a><\/p>\n","protected":false},"author":208,"featured_media":0,"parent":0,"menu_order":0,"comment_status":"closed","ping_status":"closed","template":"","meta":[],"acf":[],"_links":{"self":[{"href":"https:\/\/etbblanca-bue.infd.edu.ar\/sitio\/wp-json\/wp\/v2\/pages\/1525"}],"collection":[{"href":"https:\/\/etbblanca-bue.infd.edu.ar\/sitio\/wp-json\/wp\/v2\/pages"}],"about":[{"href":"https:\/\/etbblanca-bue.infd.edu.ar\/sitio\/wp-json\/wp\/v2\/types\/page"}],"author":[{"embeddable":true,"href":"https:\/\/etbblanca-bue.infd.edu.ar\/sitio\/wp-json\/wp\/v2\/users\/208"}],"replies":[{"embeddable":true,"href":"https:\/\/etbblanca-bue.infd.edu.ar\/sitio\/wp-json\/wp\/v2\/comments?post=1525"}],"version-history":[{"count":20,"href":"https:\/\/etbblanca-bue.infd.edu.ar\/sitio\/wp-json\/wp\/v2\/pages\/1525\/revisions"}],"predecessor-version":[{"id":2712,"href":"https:\/\/etbblanca-bue.infd.edu.ar\/sitio\/wp-json\/wp\/v2\/pages\/1525\/revisions\/2712"}],"wp:attachment":[{"href":"https:\/\/etbblanca-bue.infd.edu.ar\/sitio\/wp-json\/wp\/v2\/media?parent=1525"}],"curies":[{"name":"wp","href":"https:\/\/api.w.org\/{rel}","templated":true}]}}