{"id":1470,"date":"2022-02-24T14:13:17","date_gmt":"2022-02-24T17:13:17","guid":{"rendered":"https:\/\/etbblanca-bue.infd.edu.ar\/sitio\/?page_id=1470"},"modified":"2026-04-08T12:08:20","modified_gmt":"2026-04-08T15:08:20","slug":"horarios","status":"publish","type":"page","link":"https:\/\/etbblanca-bue.infd.edu.ar\/sitio\/horarios\/","title":{"rendered":"Horarios 2026"},"content":{"rendered":"\n<div style=\"height:15px\" aria-hidden=\"true\" class=\"wp-block-spacer\"><\/div>\n\n\n\n<style>\n.accordion{\nmax-width:900px;\nfont-family:Arial,Helvetica,sans-serif;\n}\n\n.acc-item{\nborder-bottom:1px solid #ddd;\n}\n\n.acc-btn{\ndisplay:flex;\njustify-content:space-between;\nalign-items:center;\npadding:14px 10px;\ncursor:pointer;\nbackground:#f2f2f2;\nborder:none;\nwidth:100%;\nfont-size:16px;\nfont-weight:600;\ncolor:#222;\n}\n.acc-btn,\n.acc-btn:visited,\n.acc-btn:active{\ncolor:#222 !important;\n}\n.acc-btn:hover{\nbackground:#e6e6e6;\n}\n\n.acc-panel{\ndisplay:none;\npadding:10px;\nbackground:#fff;\n}\n\n.sheet-frame{\nwidth:100%;\nheight:520px;\nborder:1px solid #ccc;\n}\n\n.sheet-open-btn{\ndisplay:inline-block;\nmargin-top:10px;\npadding:8px 14px;\nbackground:#444;\ncolor:#fff!important;\ntext-decoration:none;\nborder-radius:4px;\nfont-size:14px;\n}\n\n.sheet-open-btn:hover{\nbackground:#222;\n}\n<\/style>\n\n\n<div class=\"accordion\">\n\n<div class=\"acc-item\">\n<button class=\"acc-btn\" data-gid=\"475701856\">FOBA Teatro adolescentes <span>\u25be<\/span><\/button>\n<div class=\"acc-panel\"><\/div>\n<\/div>\n\n<div class=\"acc-item\">\n<button class=\"acc-btn\" data-gid=\"1897191782\">FOBA Teatro <span>\u25be<\/span><\/button>\n<div class=\"acc-panel\"><\/div>\n<\/div>\n\n<div class=\"acc-item\">\n<button class=\"acc-btn\" data-gid=\"859901188\">Tecnicatura actuaci\u00f3n <span>\u25be<\/span><\/button>\n<div class=\"acc-panel\"><\/div>\n<\/div>\n\n<div class=\"acc-item\">\n<button class=\"acc-btn\" data-gid=\"859901188\">Profesorado Teatro <span>\u25be<\/span><\/button>\n<div class=\"acc-panel\"><\/div>\n<\/div>\n\n<div class=\"acc-item\">\n<button class=\"acc-btn\" data-gid=\"1920446386\">Dise\u00f1o de producci\u00f3n de espect\u00e1culos <span>\u25be<\/span><\/button>\n<div class=\"acc-panel\"><\/div>\n<\/div>\n\n<div class=\"acc-item\">\n<button class=\"acc-btn\" data-gid=\"1920446386\">Escenograf\u00eda <span>\u25be<\/span><\/button>\n<div class=\"acc-panel\"><\/div>\n<\/div>\n\n<div class=\"acc-item\">\n<button class=\"acc-btn\" data-gid=\"760202094\">Maquillaje <span>\u25be<\/span><\/button>\n<div class=\"acc-panel\"><\/div>\n<\/div>\n\n<div class=\"acc-item\">\n<button class=\"acc-btn\" data-gid=\"364938953\">Iluminaci\u00f3n <span>\u25be<\/span><\/button>\n<div class=\"acc-panel\"><\/div>\n<\/div>\n\n<\/div>\n\n\n<script>\n\nconst sheetID=\"13BB51PiRI0IFVAsW1RuJtw27lQe8RVh6gxDj9Nri9Tw\";\n\ndocument.querySelectorAll(\".acc-btn\").forEach(btn=>{\n\nbtn.addEventListener(\"click\",()=>{\n\nconst panel=btn.nextElementSibling;\nconst gid=btn.dataset.gid;\nconst isOpen=panel.style.display===\"block\";\n\ndocument.querySelectorAll(\".acc-panel\").forEach(p=>{\np.style.display=\"none\";\n});\n\nif(!isOpen){\n\nif(panel.innerHTML===\"\"){\n\npanel.innerHTML=`\n\n<iframe class=\"sheet-frame\"\nsrc=\"https:\/\/docs.google.com\/spreadsheets\/d\/${sheetID}\/htmlembed?gid=${gid}\">\n<\/iframe>\n\n<a class=\"sheet-open-btn\"\nhref=\"https:\/\/docs.google.com\/spreadsheets\/d\/${sheetID}\/edit#gid=${gid}\"\ntarget=\"_blank\">\n\nAbrir horario en pantalla completa \/ descargar\n\n<\/a>\n\n`;\n\n}\n\npanel.style.display=\"block\";\n\n}\n\n});\n\n});\n\n<\/script>\n\n\n\n<p class=\"has-small-font-size\"><em>Advertencia: Los horarios de cursada publicados, pueden sufrir modificaciones<\/em><\/p>\n\n\n\n<div class=\"wp-block-file\"><object class=\"wp-block-file__embed\" data=\"https:\/\/etbblanca-bue.infd.edu.ar\/sitio\/wp-content\/uploads\/2026\/04\/Horarios-personal.pdf\" type=\"application\/pdf\" style=\"width:100%;height:600px\" aria-label=\"Incrustado de Horarios-personal.\"><\/object><a id=\"wp-block-file--media-c9916d7d-3c84-4193-888c-c0e117086160\" href=\"https:\/\/etbblanca-bue.infd.edu.ar\/sitio\/wp-content\/uploads\/2026\/04\/Horarios-personal.pdf\">Horarios-personal<\/a><a href=\"https:\/\/etbblanca-bue.infd.edu.ar\/sitio\/wp-content\/uploads\/2026\/04\/Horarios-personal.pdf\" class=\"wp-block-file__button wp-element-button\" download aria-describedby=\"wp-block-file--media-c9916d7d-3c84-4193-888c-c0e117086160\">Descarga<\/a><\/div>\n","protected":false},"excerpt":{"rendered":"<p>FOBA Teatro adolescentes \u25be FOBA Teatro \u25be Tecnicatura actuaci\u00f3n \u25be Profesorado Teatro \u25be Dise\u00f1o de producci\u00f3n de espect\u00e1culos \u25be Escenograf\u00eda \u25be Maquillaje \u25be Iluminaci\u00f3n \u25be Advertencia: Los horarios de cursada publicados, pueden sufrir modificaciones<\/p>\n","protected":false},"author":1570,"featured_media":0,"parent":0,"menu_order":0,"comment_status":"closed","ping_status":"closed","template":"","meta":[],"acf":[],"_links":{"self":[{"href":"https:\/\/etbblanca-bue.infd.edu.ar\/sitio\/wp-json\/wp\/v2\/pages\/1470"}],"collection":[{"href":"https:\/\/etbblanca-bue.infd.edu.ar\/sitio\/wp-json\/wp\/v2\/pages"}],"about":[{"href":"https:\/\/etbblanca-bue.infd.edu.ar\/sitio\/wp-json\/wp\/v2\/types\/page"}],"author":[{"embeddable":true,"href":"https:\/\/etbblanca-bue.infd.edu.ar\/sitio\/wp-json\/wp\/v2\/users\/1570"}],"replies":[{"embeddable":true,"href":"https:\/\/etbblanca-bue.infd.edu.ar\/sitio\/wp-json\/wp\/v2\/comments?post=1470"}],"version-history":[{"count":56,"href":"https:\/\/etbblanca-bue.infd.edu.ar\/sitio\/wp-json\/wp\/v2\/pages\/1470\/revisions"}],"predecessor-version":[{"id":2737,"href":"https:\/\/etbblanca-bue.infd.edu.ar\/sitio\/wp-json\/wp\/v2\/pages\/1470\/revisions\/2737"}],"wp:attachment":[{"href":"https:\/\/etbblanca-bue.infd.edu.ar\/sitio\/wp-json\/wp\/v2\/media?parent=1470"}],"curies":[{"name":"wp","href":"https:\/\/api.w.org\/{rel}","templated":true}]}}