{"id":1195,"date":"2021-11-24T23:55:00","date_gmt":"2021-11-25T02:55:00","guid":{"rendered":"https:\/\/etbblanca-bue.infd.edu.ar\/sitio\/?page_id=1195"},"modified":"2026-02-25T14:59:28","modified_gmt":"2026-02-25T17:59:28","slug":"inscripcion-regulares","status":"publish","type":"page","link":"https:\/\/etbblanca-bue.infd.edu.ar\/sitio\/inscripcion-regulares\/","title":{"rendered":"Inscripci\u00f3n Regulares"},"content":{"rendered":"\n<p>Si ya est\u00e1s cursando en la escuela, inscribite a las materias para el ciclo 2026 en el formulario correspondiente:<\/p>\n\n\n\n<p>Antes revis\u00e1 las correlatividades en el <a rel=\"noreferrer noopener\" href=\"https:\/\/etbblanca-bue.infd.edu.ar\/sitio\/regimen-academico\/\" target=\"_blank\">R\u00e9gimen acad\u00e9mico<\/a> <\/p>\n\n\n\n<p><strong>FORMULARIOS DE INSCRIPCI\u00d3N<\/strong><\/p>\n\n\n\n<div class=\"wp-block-buttons is-layout-flex\">\n<div class=\"wp-block-button\"><a class=\"wp-block-button__link has-background wp-element-button\" href=\"https:\/\/forms.gle\/fKeexNymGi3BA9QD6\" style=\"border-radius:4px;background-color:#2e4cb8\" target=\"_blank\" rel=\"noreferrer noopener\"><strong>Formaci\u00f3n B\u00e1sica en Teatro para Adolescentes<\/strong><\/a><\/div>\n<\/div>\n\n\n\n<div class=\"wp-block-buttons is-layout-flex\">\n<div class=\"wp-block-button\"><a class=\"wp-block-button__link has-background wp-element-button\" href=\"https:\/\/forms.gle\/tpn3Zcm9PK2BUN5VA\" style=\"border-radius:4px;background-color:#2e4cb8\" target=\"_blank\" rel=\"noreferrer noopener\"><strong>Tecnicatura en Actuaci\u00f3n &#8211; Profesorado de Teatro<\/strong><\/a><\/div>\n<\/div>\n\n\n\n<div class=\"wp-block-buttons is-layout-flex\">\n<div class=\"wp-block-button\"><a class=\"wp-block-button__link has-background wp-element-button\" href=\"https:\/\/forms.gle\/VfPCFFcTJz878Uus7\" style=\"border-radius:4px;background-color:#2e4cb8\" target=\"_blank\" rel=\"noreferrer noopener\"><strong>Tecnicaturas<\/strong> <strong>Escenopl\u00e1sticas<\/strong><\/a><\/div>\n<\/div>\n\n\n\n<p><strong>FECHA L\u00cdMITE: 08\/03\/2026<\/strong><\/p>\n","protected":false},"excerpt":{"rendered":"<p>Si ya est\u00e1s cursando en la escuela, inscribite a las materias para el ciclo 2026 en el formulario correspondiente: Antes revis\u00e1 las correlatividades en el R\u00e9gimen acad\u00e9mico FORMULARIOS DE INSCRIPCI\u00d3N FECHA L\u00cdMITE: 08\/03\/2026<\/p>\n","protected":false},"author":1570,"featured_media":0,"parent":0,"menu_order":0,"comment_status":"closed","ping_status":"closed","template":"","meta":[],"acf":[],"_links":{"self":[{"href":"https:\/\/etbblanca-bue.infd.edu.ar\/sitio\/wp-json\/wp\/v2\/pages\/1195"}],"collection":[{"href":"https:\/\/etbblanca-bue.infd.edu.ar\/sitio\/wp-json\/wp\/v2\/pages"}],"about":[{"href":"https:\/\/etbblanca-bue.infd.edu.ar\/sitio\/wp-json\/wp\/v2\/types\/page"}],"author":[{"embeddable":true,"href":"https:\/\/etbblanca-bue.infd.edu.ar\/sitio\/wp-json\/wp\/v2\/users\/1570"}],"replies":[{"embeddable":true,"href":"https:\/\/etbblanca-bue.infd.edu.ar\/sitio\/wp-json\/wp\/v2\/comments?post=1195"}],"version-history":[{"count":16,"href":"https:\/\/etbblanca-bue.infd.edu.ar\/sitio\/wp-json\/wp\/v2\/pages\/1195\/revisions"}],"predecessor-version":[{"id":2676,"href":"https:\/\/etbblanca-bue.infd.edu.ar\/sitio\/wp-json\/wp\/v2\/pages\/1195\/revisions\/2676"}],"wp:attachment":[{"href":"https:\/\/etbblanca-bue.infd.edu.ar\/sitio\/wp-json\/wp\/v2\/media?parent=1195"}],"curies":[{"name":"wp","href":"https:\/\/api.w.org\/{rel}","templated":true}]}}