{"id":1109,"date":"2021-06-29T15:31:27","date_gmt":"2021-06-29T18:31:27","guid":{"rendered":"https:\/\/etbblanca-bue.infd.edu.ar\/sitio\/?page_id=1109"},"modified":"2026-04-14T20:29:31","modified_gmt":"2026-04-14T23:29:31","slug":"mesas-de-examen-2","status":"publish","type":"page","link":"https:\/\/etbblanca-bue.infd.edu.ar\/sitio\/mesas-de-examen-2\/","title":{"rendered":"Mesas de examen"},"content":{"rendered":"\n<p class=\"has-text-color\" style=\"color:#c35800\"><strong>SOLICITUD DE MESAS DE EXAMEN MAYO 2026: <\/strong><\/p>\n\n\n\n<p>Solicitud de MESAS DE EXAMEN en condici\u00f3n de\u00a0<strong>REGULAR <\/strong><strong>solo\u00a0para los estudiantes que est\u00e9n cursando actualmente en car\u00e1cter de CONDICIONAL<\/strong>\u00a0por adeudar acreditaci\u00f3n de correlativa\/s.<\/p>\n\n\n\n<p>Es responsabilidad de cada estudiante verificar el R\u00e9gimen Acad\u00e9mico&nbsp;(<a href=\"https:\/\/etbblanca-bue.infd.edu.ar\/sitio\/regimen-academico\/\">LINK<\/a>)&nbsp;vigente para conocer y chequear la situaci\u00f3n de su cursado.<\/p>\n\n\n\n<p>Dicha solicitud queda sujeta a corrobar por preceptor\u00eda.<\/p>\n\n\n\n<div class=\"wp-block-buttons is-layout-flex\">\n<div class=\"wp-block-button\"><a class=\"wp-block-button__link has-background wp-element-button\" href=\"https:\/\/forms.gle\/ViSaDRtkQnYGZ1oX6\" style=\"border-radius:7px;background-color:#c35800\" target=\"_blank\" rel=\"noreferrer noopener\">SOLICITUD TEC. EN ACTUACI\u00d3N Y PROF. TEATRO<\/a><\/div>\n<\/div>\n\n\n\n<div class=\"wp-block-buttons is-layout-flex\">\n<div class=\"wp-block-button\"><a class=\"wp-block-button__link has-background wp-element-button\" href=\"https:\/\/forms.gle\/fZSW3ZMovqztCKJE9\" style=\"border-radius:7px;background-color:#c35800\" target=\"_blank\" rel=\"noreferrer noopener\">SOLICITUD ESCENOPL\u00c1STICAS<\/a><\/div>\n<\/div>\n\n\n\n<p>&#x1f4e9; <strong>PRECEPTOR\u00cdA<\/strong>:<br>preceptoriateatro04@gmail.com<\/p>\n\n\n\n<p><\/p>\n","protected":false},"excerpt":{"rendered":"<p>SOLICITUD DE MESAS DE EXAMEN MAYO 2026: Solicitud de MESAS DE EXAMEN en condici\u00f3n de\u00a0REGULAR solo\u00a0para los estudiantes que est\u00e9n cursando actualmente en car\u00e1cter de CONDICIONAL\u00a0por adeudar acreditaci\u00f3n de correlativa\/s. Es responsabilidad de cada estudiante verificar el R\u00e9gimen Acad\u00e9mico&nbsp;(LINK)&nbsp;vigente para conocer y chequear la situaci\u00f3n de su cursado. Dicha solicitud queda sujeta a corrobar por &#8230; <a title=\"Mesas de examen\" class=\"read-more\" href=\"https:\/\/etbblanca-bue.infd.edu.ar\/sitio\/mesas-de-examen-2\/\" aria-label=\"More on Mesas de examen\">[+]<\/a><\/p>\n","protected":false},"author":1570,"featured_media":0,"parent":0,"menu_order":0,"comment_status":"closed","ping_status":"closed","template":"","meta":[],"acf":[],"_links":{"self":[{"href":"https:\/\/etbblanca-bue.infd.edu.ar\/sitio\/wp-json\/wp\/v2\/pages\/1109"}],"collection":[{"href":"https:\/\/etbblanca-bue.infd.edu.ar\/sitio\/wp-json\/wp\/v2\/pages"}],"about":[{"href":"https:\/\/etbblanca-bue.infd.edu.ar\/sitio\/wp-json\/wp\/v2\/types\/page"}],"author":[{"embeddable":true,"href":"https:\/\/etbblanca-bue.infd.edu.ar\/sitio\/wp-json\/wp\/v2\/users\/1570"}],"replies":[{"embeddable":true,"href":"https:\/\/etbblanca-bue.infd.edu.ar\/sitio\/wp-json\/wp\/v2\/comments?post=1109"}],"version-history":[{"count":90,"href":"https:\/\/etbblanca-bue.infd.edu.ar\/sitio\/wp-json\/wp\/v2\/pages\/1109\/revisions"}],"predecessor-version":[{"id":2750,"href":"https:\/\/etbblanca-bue.infd.edu.ar\/sitio\/wp-json\/wp\/v2\/pages\/1109\/revisions\/2750"}],"wp:attachment":[{"href":"https:\/\/etbblanca-bue.infd.edu.ar\/sitio\/wp-json\/wp\/v2\/media?parent=1109"}],"curies":[{"name":"wp","href":"https:\/\/api.w.org\/{rel}","templated":true}]}}